{"id":830,"date":"2025-12-03T14:41:10","date_gmt":"2025-12-03T06:41:10","guid":{"rendered":"https:\/\/www.maxnav.com\/?page_id=830"},"modified":"2025-12-12T16:29:37","modified_gmt":"2025-12-12T08:29:37","slug":"become-a-distributor","status":"publish","type":"page","link":"https:\/\/www.maxnav.com\/fr\/contact-us\/become-a-distributor\/","title":{"rendered":"Devenir distributeur"},"content":{"rendered":"<div data-elementor-type=\"wp-page\" data-elementor-id=\"830\" class=\"elementor elementor-830\" data-elementor-settings=\"{&quot;element_pack_global_tooltip_width&quot;:{&quot;unit&quot;:&quot;px&quot;,&quot;size&quot;:&quot;&quot;,&quot;sizes&quot;:[]},&quot;element_pack_global_tooltip_width_tablet&quot;:{&quot;unit&quot;:&quot;px&quot;,&quot;size&quot;:&quot;&quot;,&quot;sizes&quot;:[]},&quot;element_pack_global_tooltip_width_mobile&quot;:{&quot;unit&quot;:&quot;px&quot;,&quot;size&quot;:&quot;&quot;,&quot;sizes&quot;:[]},&quot;element_pack_global_tooltip_padding&quot;:{&quot;unit&quot;:&quot;px&quot;,&quot;top&quot;:&quot;&quot;,&quot;right&quot;:&quot;&quot;,&quot;bottom&quot;:&quot;&quot;,&quot;left&quot;:&quot;&quot;,&quot;isLinked&quot;:true},&quot;element_pack_global_tooltip_padding_tablet&quot;:{&quot;unit&quot;:&quot;px&quot;,&quot;top&quot;:&quot;&quot;,&quot;right&quot;:&quot;&quot;,&quot;bottom&quot;:&quot;&quot;,&quot;left&quot;:&quot;&quot;,&quot;isLinked&quot;:true},&quot;element_pack_global_tooltip_padding_mobile&quot;:{&quot;unit&quot;:&quot;px&quot;,&quot;top&quot;:&quot;&quot;,&quot;right&quot;:&quot;&quot;,&quot;bottom&quot;:&quot;&quot;,&quot;left&quot;:&quot;&quot;,&quot;isLinked&quot;:true},&quot;element_pack_global_tooltip_border_radius&quot;:{&quot;unit&quot;:&quot;px&quot;,&quot;top&quot;:&quot;&quot;,&quot;right&quot;:&quot;&quot;,&quot;bottom&quot;:&quot;&quot;,&quot;left&quot;:&quot;&quot;,&quot;isLinked&quot;:true},&quot;element_pack_global_tooltip_border_radius_tablet&quot;:{&quot;unit&quot;:&quot;px&quot;,&quot;top&quot;:&quot;&quot;,&quot;right&quot;:&quot;&quot;,&quot;bottom&quot;:&quot;&quot;,&quot;left&quot;:&quot;&quot;,&quot;isLinked&quot;:true},&quot;element_pack_global_tooltip_border_radius_mobile&quot;:{&quot;unit&quot;:&quot;px&quot;,&quot;top&quot;:&quot;&quot;,&quot;right&quot;:&quot;&quot;,&quot;bottom&quot;:&quot;&quot;,&quot;left&quot;:&quot;&quot;,&quot;isLinked&quot;:true}}\" data-elementor-post-type=\"page\">\n\t\t\t\t\t\t<section class=\"elementor-section elementor-top-section elementor-element elementor-element-b14de03 elementor-section-height-min-height elementor-section-boxed elementor-section-height-default elementor-section-items-middle\" data-id=\"b14de03\" data-element_type=\"section\" data-settings=\"{&quot;background_background&quot;:&quot;classic&quot;}\">\n\t\t\t\t\t\t\t<div class=\"elementor-background-overlay\"><\/div>\n\t\t\t\t\t\t\t<div class=\"elementor-container elementor-column-gap-default\">\n\t\t\t\t\t<div class=\"elementor-column elementor-col-100 elementor-top-column elementor-element elementor-element-d84399e\" data-id=\"d84399e\" data-element_type=\"column\">\n\t\t\t<div class=\"elementor-widget-wrap elementor-element-populated\">\n\t\t\t\t\t\t\t<\/div>\n\t\t<\/div>\n\t\t\t\t\t<\/div>\n\t\t<\/section>\n\t\t\t\t<section class=\"elementor-section elementor-top-section elementor-element elementor-element-8e40910 elementor-section-boxed elementor-section-height-default elementor-section-height-default\" data-id=\"8e40910\" data-element_type=\"section\" data-settings=\"{&quot;background_background&quot;:&quot;classic&quot;}\">\n\t\t\t\t\t\t<div class=\"elementor-container elementor-column-gap-default\">\n\t\t\t\t\t<div class=\"elementor-column elementor-col-100 elementor-top-column elementor-element elementor-element-5e99810\" data-id=\"5e99810\" data-element_type=\"column\">\n\t\t\t<div class=\"elementor-widget-wrap elementor-element-populated\">\n\t\t\t\t\t\t<div class=\"elementor-element elementor-element-52ab630 breadcrumb elementor-widget elementor-widget-shortcode\" data-id=\"52ab630\" data-element_type=\"widget\" data-widget_type=\"shortcode.default\">\n\t\t\t\t\t\t\t<div class=\"elementor-shortcode\"><\/div>\n\t\t\t\t\t\t<\/div>\n\t\t\t\t\t<\/div>\n\t\t<\/div>\n\t\t\t\t\t<\/div>\n\t\t<\/section>\n\t\t<div class=\"elementor-element elementor-element-ab158d4 e-flex e-con-boxed e-con e-parent\" data-id=\"ab158d4\" data-element_type=\"container\">\n\t\t\t\t\t<div class=\"e-con-inner\">\n\t\t<div class=\"elementor-element elementor-element-c6c21db e-con-full e-flex e-con e-child\" data-id=\"c6c21db\" data-element_type=\"container\">\n\t\t\t\t<div class=\"elementor-element elementor-element-c841955 elementor-widget elementor-widget-heading\" data-id=\"c841955\" data-element_type=\"widget\" data-widget_type=\"heading.default\">\n\t\t\t\t\t<h2 class=\"elementor-heading-title elementor-size-default\">Rejoignez notre r\u00e9seau mondial de distributeurs !<\/h2>\t\t\t\t<\/div>\n\t\t\t\t<div class=\"elementor-element elementor-element-9c8e0bc elementor-widget elementor-widget-text-editor\" data-id=\"9c8e0bc\" data-element_type=\"widget\" data-widget_type=\"text-editor.default\">\n\t\t\t\t\t\t\t\t\t<strong>adresse<\/strong>:<br>3F, B\u00e2timent 1, n\u00b0 400 Fangchun Road, Zone pilote de libre-\u00e9change de Chine (Shanghai), 201203, Shanghai, Chine\t\t\t\t\t\t\t\t<\/div>\n\t\t\t\t<div class=\"elementor-element elementor-element-0e90a43 elementor-widget elementor-widget-text-editor\" data-id=\"0e90a43\" data-element_type=\"widget\" data-widget_type=\"text-editor.default\">\n\t\t\t\t\t\t\t\t\t<p><b>tel:<\/b>+<a href=\"tel:+86%2021%2064056796\"><span class=\"elementor-icon-list-text\">86 21 64056796<\/span><\/a><\/p>\t\t\t\t\t\t\t\t<\/div>\n\t\t\t\t<div class=\"elementor-element elementor-element-93705f6 elementor-widget elementor-widget-text-editor\" data-id=\"93705f6\" data-element_type=\"widget\" data-widget_type=\"text-editor.default\">\n\t\t\t\t\t\t\t\t\t<p><strong>Mailto<\/strong>:<a href=\"mailto:info@maxnav.com\"><span class=\"elementor-icon-list-text\">info@maxnav.com<\/span><\/a><\/p>\t\t\t\t\t\t\t\t<\/div>\n\t\t\t\t<div class=\"elementor-element elementor-element-1e38b34 e-grid-align-left elementor-shape-rounded elementor-grid-0 elementor-widget elementor-widget-social-icons\" data-id=\"1e38b34\" data-element_type=\"widget\" data-widget_type=\"social-icons.default\">\n\t\t\t\t\t\t\t<div class=\"elementor-social-icons-wrapper elementor-grid\" role=\"list\">\n\t\t\t\t\t\t\t<span class=\"elementor-grid-item\" role=\"listitem\">\n\t\t\t\t\t<a class=\"elementor-icon elementor-social-icon elementor-social-icon-facebook elementor-repeater-item-0865576\" target=\"_blank\">\n\t\t\t\t\t\t<span class=\"elementor-screen-only\">Facebook<\/span>\n\t\t\t\t\t\t<i aria-hidden=\"true\" class=\"fab fa-facebook\"><\/i>\t\t\t\t\t<\/a>\n\t\t\t\t<\/span>\n\t\t\t\t\t\t\t<span class=\"elementor-grid-item\" role=\"listitem\">\n\t\t\t\t\t<a class=\"elementor-icon elementor-social-icon elementor-social-icon-twitter elementor-repeater-item-7f704cd\" target=\"_blank\">\n\t\t\t\t\t\t<span class=\"elementor-screen-only\">Twitter<\/span>\n\t\t\t\t\t\t<i aria-hidden=\"true\" class=\"fab fa-twitter\"><\/i>\t\t\t\t\t<\/a>\n\t\t\t\t<\/span>\n\t\t\t\t\t\t\t<span class=\"elementor-grid-item\" role=\"listitem\">\n\t\t\t\t\t<a class=\"elementor-icon elementor-social-icon elementor-social-icon-youtube elementor-repeater-item-e6f2832\" target=\"_blank\">\n\t\t\t\t\t\t<span class=\"elementor-screen-only\">Youtube<\/span>\n\t\t\t\t\t\t<i aria-hidden=\"true\" class=\"fab fa-youtube\"><\/i>\t\t\t\t\t<\/a>\n\t\t\t\t<\/span>\n\t\t\t\t\t\t\t<span class=\"elementor-grid-item\" role=\"listitem\">\n\t\t\t\t\t<a class=\"elementor-icon elementor-social-icon elementor-social-icon-whatsapp elementor-repeater-item-8093e78\" target=\"_blank\">\n\t\t\t\t\t\t<span class=\"elementor-screen-only\">Whatsapp<\/span>\n\t\t\t\t\t\t<i aria-hidden=\"true\" class=\"fab fa-whatsapp\"><\/i>\t\t\t\t\t<\/a>\n\t\t\t\t<\/span>\n\t\t\t\t\t<\/div>\n\t\t\t\t\t\t<\/div>\n\t\t\t\t<\/div>\n\t\t<div class=\"elementor-element elementor-element-0ff6ac6 e-con-full e-flex e-con e-child\" data-id=\"0ff6ac6\" data-element_type=\"container\">\n\t\t\t\t<div class=\"elementor-element elementor-element-7704473 elementor-widget elementor-widget-image\" data-id=\"7704473\" data-element_type=\"widget\" data-widget_type=\"image.default\">\n\t\t\t\t\t\t\t\t\t\t\t\t\t\t\t<img loading=\"lazy\" decoding=\"async\" width=\"632\" height=\"434\" src=\"https:\/\/www.maxnav.com\/wp-content\/uploads\/2025\/11\/land-surveing\u5907\u4efd.jpg\" class=\"attachment-large size-large wp-image-724\" alt=\"\" srcset=\"https:\/\/www.maxnav.com\/wp-content\/uploads\/2025\/11\/land-surveing\u5907\u4efd.jpg 632w, https:\/\/www.maxnav.com\/wp-content\/uploads\/2025\/11\/land-surveing\u5907\u4efd-300x206.jpg 300w\" sizes=\"auto, (max-width: 632px) 100vw, 632px\" \/>\t\t\t\t\t\t\t\t\t\t\t\t\t\t\t<\/div>\n\t\t\t\t<\/div>\n\t\t\t\t\t<\/div>\n\t\t\t\t<\/div>\n\t\t<div class=\"elementor-element elementor-element-131e221 e-flex e-con-boxed e-con e-parent\" data-id=\"131e221\" data-element_type=\"container\">\n\t\t\t\t\t<div class=\"e-con-inner\">\n\t\t\t\t<div class=\"elementor-element elementor-element-1ae6a6c elementor-widget elementor-widget-heading\" data-id=\"1ae6a6c\" data-element_type=\"widget\" data-widget_type=\"heading.default\">\n\t\t\t\t\t<h2 class=\"elementor-heading-title elementor-size-default\">Message<\/h2>\t\t\t\t<\/div>\n\t\t\t\t<div class=\"elementor-element elementor-element-5e0923d elementor-widget elementor-widget-text-editor\" data-id=\"5e0923d\" data-element_type=\"widget\" data-widget_type=\"text-editor.default\">\n\t\t\t\t\t\t\t\t\t<p>Si vous avez des suggestions ou des questions \u00e0 nous poser, n'h\u00e9sitez pas \u00e0 nous contacter.<\/p>\t\t\t\t\t\t\t\t<\/div>\n\t\t<div class=\"elementor-element elementor-element-878573d e-con-full e-flex e-con e-child\" data-id=\"878573d\" data-element_type=\"container\">\n\t\t\t\t<div class=\"elementor-element elementor-element-99d0922 elementor-widget elementor-widget-image\" data-id=\"99d0922\" data-element_type=\"widget\" data-widget_type=\"image.default\">\n\t\t\t\t\t\t\t\t\t\t\t\t\t\t\t<img loading=\"lazy\" decoding=\"async\" width=\"800\" height=\"523\" src=\"https:\/\/www.maxnav.com\/wp-content\/uploads\/2025\/12\/image-1-2-1024x670.jpg\" class=\"attachment-large size-large wp-image-873\" alt=\"\" srcset=\"https:\/\/www.maxnav.com\/wp-content\/uploads\/2025\/12\/image-1-2-1024x670.jpg 1024w, https:\/\/www.maxnav.com\/wp-content\/uploads\/2025\/12\/image-1-2-300x196.jpg 300w, https:\/\/www.maxnav.com\/wp-content\/uploads\/2025\/12\/image-1-2-768x502.jpg 768w, https:\/\/www.maxnav.com\/wp-content\/uploads\/2025\/12\/image-1-2-1536x1005.jpg 1536w, https:\/\/www.maxnav.com\/wp-content\/uploads\/2025\/12\/image-1-2-2048x1340.jpg 2048w, https:\/\/www.maxnav.com\/wp-content\/uploads\/2025\/12\/image-1-2-18x12.jpg 18w\" sizes=\"auto, (max-width: 800px) 100vw, 800px\" \/>\t\t\t\t\t\t\t\t\t\t\t\t\t\t\t<\/div>\n\t\t<div class=\"elementor-element elementor-element-721642d e-con-full e-flex e-con e-child\" data-id=\"721642d\" data-element_type=\"container\" data-settings=\"{&quot;background_background&quot;:&quot;classic&quot;}\">\n\t\t\t\t<div class=\"elementor-element elementor-element-15a849f elementor-widget elementor-widget-wpforms\" data-id=\"15a849f\" data-element_type=\"widget\" id=\"Hform\" data-widget_type=\"wpforms.default\">\n\t\t\t\t<div class=\"elementor-widget-container\">\n\t\t\t\t\t<div class=\"wpforms-container wpforms-container-full\" id=\"wpforms-206\"><form id=\"wpforms-form-206\" class=\"wpforms-validate wpforms-form wpforms-ajax-form\" data-formid=\"206\" method=\"post\" enctype=\"multipart\/form-data\" action=\"\/fr\/wp-json\/wp\/v2\/pages\/830\" data-token=\"611bba44d2ff19f47370c5ecf4797990\" data-token-time=\"1776415253\" data-trp-original-action=\"\/fr\/wp-json\/wp\/v2\/pages\/830\"><noscript class=\"wpforms-error-noscript\">Veuillez activer JavaScript dans votre navigateur pour remplir ce formulaire.<\/noscript><div class=\"wpforms-field-container\"><div id=\"wpforms-206-field_7-container\" class=\"wpforms-field wpforms-field-layout\" data-field-id=\"7\"><div class=\"wpforms-field-layout-rows wpforms-field-large\"><div class=\"wpforms-layout-row\"><div class=\"wpforms-layout-column wpforms-layout-column-50\"><div id=\"wpforms-206-field_1-container\" class=\"wpforms-field wpforms-field-text\" data-field-id=\"1\"><label class=\"wpforms-field-label wpforms-label-hide\" for=\"wpforms-206-field_1\">Nom <span class=\"wpforms-required-label\">*<\/span><\/label><input type=\"text\" id=\"wpforms-206-field_1\" class=\"wpforms-field-large wpforms-field-required\" name=\"wpforms[fields][1]\" placeholder=\"NOM*\" required><\/div><\/div><div class=\"wpforms-layout-column wpforms-layout-column-50\"><div id=\"wpforms-206-field_8-container\" class=\"wpforms-field wpforms-field-text\" data-field-id=\"8\"><label class=\"wpforms-field-label wpforms-label-hide\" for=\"wpforms-206-field_8\">Entreprise <span class=\"wpforms-required-label\">*<\/span><\/label><input type=\"text\" id=\"wpforms-206-field_8\" class=\"wpforms-field-medium wpforms-field-required\" name=\"wpforms[fields][8]\" placeholder=\"ENTREPRISE*\" required><\/div><\/div><\/div><div class=\"wpforms-layout-row\"><div class=\"wpforms-layout-column wpforms-layout-column-50\"><div id=\"wpforms-206-field_2-container\" class=\"wpforms-field wpforms-field-email\" data-field-id=\"2\"><label class=\"wpforms-field-label wpforms-label-hide\" for=\"wpforms-206-field_2\">Courriel <span class=\"wpforms-required-label\">*<\/span><\/label><input type=\"email\" id=\"wpforms-206-field_2\" class=\"wpforms-field-large wpforms-field-required\" name=\"wpforms[fields][2]\" placeholder=\"EMAIL*\" spellcheck=\"false\" required><\/div><\/div><div class=\"wpforms-layout-column wpforms-layout-column-50\"><div id=\"wpforms-206-field_3-container\" class=\"wpforms-field wpforms-field-phone\" data-field-id=\"3\"><label class=\"wpforms-field-label wpforms-label-hide\" for=\"wpforms-206-field_3\">T\u00e9l\u00e9phone <span class=\"wpforms-required-label\">*<\/span><\/label><input type=\"tel\" id=\"wpforms-206-field_3\" class=\"wpforms-field-large wpforms-field-required\" data-rule-int-phone-field=\"true\" name=\"wpforms[fields][3]\" placeholder=\"T\u00c9L\u00c9PHONE*\" aria-label=\"T\u00e9l\u00e9phone\" required><\/div><\/div><\/div><\/div><\/div><div id=\"wpforms-206-field_9-container\" class=\"wpforms-field wpforms-field-text\" data-field-id=\"9\"><label class=\"wpforms-field-label wpforms-label-hide\" for=\"wpforms-206-field_9\">Pays <span class=\"wpforms-required-label\">*<\/span><\/label><input type=\"text\" id=\"wpforms-206-field_9\" class=\"wpforms-field-large wpforms-field-required\" name=\"wpforms[fields][9]\" placeholder=\"PAYS\/R\u00c9GION*\" required><\/div><div id=\"wpforms-206-field_4-container\" class=\"wpforms-field wpforms-field-textarea\" data-field-id=\"4\"><label class=\"wpforms-field-label wpforms-label-hide\" for=\"wpforms-206-field_4\">Message <span class=\"wpforms-required-label\">*<\/span><\/label><textarea id=\"wpforms-206-field_4\" class=\"wpforms-field-large wpforms-field-required\" name=\"wpforms[fields][4]\" placeholder=\"MESSAGE ICI\u2026*\" required><\/textarea><\/div><div id=\"wpforms-206-field_6-container\" class=\"wpforms-field wpforms-field-hidden\" data-field-id=\"6\"><input type=\"hidden\" id=\"wpforms-206-field_6\" name=\"wpforms[fields][6]\" value=\"https:\/\/www.maxnav.com\/fr\/wp-json\/wp\/v2\/pages\/830\"><\/div><div id=\"wpforms-206-field_5-container\" class=\"wpforms-field wpforms-field-hidden\" data-field-id=\"5\"><input type=\"hidden\" id=\"wpforms-206-field_5\" name=\"wpforms[fields][5]\" value=\"216.73.216.146\"><\/div>\r\n<div class=\"display-wsc-products\">\r\n\r\n\r\n\t<table style=\"width: 100%\">\r\n\t\t<tbody>\r\n\r\n\t\t\r\n\t\t<\/tbody>\r\n\t<\/table>\r\n\r\n<\/div>\r\n\t\t\t<!--\t\t\t<div class=\"adweb-custom-fields-wrapper\">-->\r\n\t\t\t<!--\t\t\t\t<div id=\"wpforms---><!---field_selected_products-container\" class=\"wpforms-field wpforms-field-select wpforms-field-select-style-modern\" data-field-id=\"12\">-->\r\n\t\t\t<!--\t\t\t\t\t<label class=\"wpforms-field-label\" for=\"wpforms-206-field_12\">\u611f\u5174\u8da3\u4ea7\u54c1<\/label>-->\r\n\t\t\t<!--\t\t\t\t\t<select id=\"wpforms-206-field_12\" class=\"wpforms-field-large choicesjs-select\" data-size-class=\"wpforms-field-row wpforms-field-large\" data-search-enabled=\"1\" name=\"wpforms[fields][12]\">-->\r\n\t\t\t<!--\t\t\t\t\t\t-->\t\t\t<!--\t\t\t\t\t\t\t<option value=\"--><!--\">--><!--<\/option>-->\r\n\t\t\t<!--\t\t\t\t\t\t-->\t\t\t<!--\t\t\t\t\t<\/select>-->\r\n\t\t\t<!--\t\t\t\t<\/div>-->\r\n\t\t\t<!---->\r\n\t\t\t<!--\t\t\t\t<div id=\"wpforms---><!---field_selected_product_number-container\" class=\"wpforms-field wpforms-field-number\" data-field-id=\"13\">-->\r\n\t\t\t<!--\t\t\t\t\t<label class=\"wpforms-field-label\" for=\"wpforms-206-field_13\">\u6570\u91cf<\/label>-->\r\n\t\t\t<!--\t\t\t\t\t<input type=\"number\" id=\"wpforms-206-field_13\" class=\"wpforms-field-large\" name=\"wpforms[fields][13]\" value=\"1\">-->\r\n\t\t\t<!--\t\t\t\t<\/div>-->\r\n\t\t\t<!---->\r\n\t\t\t<!--\t\t\t\t<div id=\"wpforms---><!---field_selected_product_number-container\" class=\"wpforms-field wpforms-field-button\" data-field-id=\"13\">-->\r\n\t\t\t<!--\t\t\t\t\t<label class=\"wpforms-field-label\" for=\"wpforms-206-field_13\">\u6dfb\u52a0<\/label>-->\r\n\t\t\t<!--\t\t\t\t\t<button type=\"submit\" name=\"add-to-cart\" value=\"439\" class=\"webform_single_add_to_cart_button button alt wp-element-button\" style=\"display: inline-block\">Add-->\r\n\t\t\t<!--\t\t\t\t\t<\/button>-->\r\n\t\t\t<!--\t\t\t\t<\/div>-->\r\n\t\t\t<!---->\r\n\t\t\t<!--\t\t\t<\/div>-->\r\n\r\n\t\t\t<\/div><!-- .wpforms-field-container --><div class=\"wpforms-recaptcha-container wpforms-is-turnstile\" ><div class=\"g-recaptcha\" data-sitekey=\"0x4AAAAAACJfljlpvs1vXeS4\" data-action=\"FormID-206\"><\/div><input type=\"text\" name=\"g-recaptcha-hidden\" class=\"wpforms-recaptcha-hidden\" style=\"position:absolute!important;clip:rect(0,0,0,0)!important;height:1px!important;width:1px!important;border:0!important;overflow:hidden!important;padding:0!important;margin:0!important;\" data-rule-turnstile=\"1\"><\/div><div class=\"wpforms-submit-container\" ><input type=\"hidden\" name=\"wpforms[id]\" value=\"206\"><input type=\"hidden\" name=\"page_title\" value=\"\"><input type=\"hidden\" name=\"page_url\" value=\"https:\/\/www.maxnav.com\/fr\/wp-json\/wp\/v2\/pages\/830\"><input type=\"hidden\" name=\"url_referer\" value=\"\"><button type=\"submit\" name=\"wpforms[submit]\" id=\"wpforms-submit-206\" class=\"wpforms-submit\" data-alt-text=\"Sending...\" data-submit-text=\"Send\" aria-live=\"assertive\" value=\"wpforms-submit\">Envoyer<\/button><img loading=\"lazy\" decoding=\"async\" src=\"https:\/\/www.maxnav.com\/wp-content\/plugins\/wpforms\/assets\/images\/submit-spin.svg\" class=\"wpforms-submit-spinner\" style=\"display: none;\" width=\"26\" height=\"26\" alt=\"Loading\"><\/div><input type=\"hidden\" name=\"trp-form-language\" value=\"fr\"\/><\/form><\/div>  <!-- .wpforms-container -->\t\t\t\t<\/div>\n\t\t\t\t<\/div>\n\t\t\t\t<\/div>\n\t\t\t\t<\/div>\n\t\t\t\t\t<\/div>\n\t\t\t\t<\/div>\n\t\t\t\t<\/div>","protected":false},"excerpt":{"rendered":"<p>Rejoignez notre r\u00e9seau mondial de distributeurs ! adresse:3F, Building 1, No. 400 Fangchun Road, China (Shanghai) Pilot Free Trade Zone, 201203, Shanghai, China tel:+86 21 64056796 Mailto:info@maxnav.com Facebook Twitter Youtube Whatsapp Message Si vous avez des suggestions ou des questions \u00e0 nous poser, n'h\u00e9sitez pas \u00e0 nous contacter. \u8bf7\u5728\u6d4f\u89c8\u5668\u4e2d\u542f\u7528JavaScript\u6765\u5b8c\u6210\u6b64\u8868\u5355\u3002Name *Company *Email *Phone * Country *Message * Send<\/p>","protected":false},"author":1,"featured_media":0,"parent":165,"menu_order":0,"comment_status":"closed","ping_status":"closed","template":"","meta":{"_acf_changed":false,"footnotes":""},"class_list":["post-830","page","type-page","status-publish","hentry"],"acf":[],"_links":{"self":[{"href":"https:\/\/www.maxnav.com\/fr\/wp-json\/wp\/v2\/pages\/830","targetHints":{"allow":["GET"]}}],"collection":[{"href":"https:\/\/www.maxnav.com\/fr\/wp-json\/wp\/v2\/pages"}],"about":[{"href":"https:\/\/www.maxnav.com\/fr\/wp-json\/wp\/v2\/types\/page"}],"author":[{"embeddable":true,"href":"https:\/\/www.maxnav.com\/fr\/wp-json\/wp\/v2\/users\/1"}],"replies":[{"embeddable":true,"href":"https:\/\/www.maxnav.com\/fr\/wp-json\/wp\/v2\/comments?post=830"}],"version-history":[{"count":0,"href":"https:\/\/www.maxnav.com\/fr\/wp-json\/wp\/v2\/pages\/830\/revisions"}],"up":[{"embeddable":true,"href":"https:\/\/www.maxnav.com\/fr\/wp-json\/wp\/v2\/pages\/165"}],"wp:attachment":[{"href":"https:\/\/www.maxnav.com\/fr\/wp-json\/wp\/v2\/media?parent=830"}],"curies":[{"name":"wp","href":"https:\/\/api.w.org\/{rel}","templated":true}]}}