{"id":770,"date":"2025-12-01T11:49:14","date_gmt":"2025-12-01T03:49:14","guid":{"rendered":"https:\/\/www.maxnav.com\/?page_id=770"},"modified":"2026-03-17T15:46:03","modified_gmt":"2026-03-17T07:46:03","slug":"support","status":"publish","type":"page","link":"https:\/\/www.maxnav.com\/fr\/support\/","title":{"rendered":"Assistance"},"content":{"rendered":"<div data-elementor-type=\"wp-page\" data-elementor-id=\"770\" class=\"elementor elementor-770\" data-elementor-settings=\"{&quot;element_pack_global_tooltip_width&quot;:{&quot;unit&quot;:&quot;px&quot;,&quot;size&quot;:&quot;&quot;,&quot;sizes&quot;:[]},&quot;element_pack_global_tooltip_width_tablet&quot;:{&quot;unit&quot;:&quot;px&quot;,&quot;size&quot;:&quot;&quot;,&quot;sizes&quot;:[]},&quot;element_pack_global_tooltip_width_mobile&quot;:{&quot;unit&quot;:&quot;px&quot;,&quot;size&quot;:&quot;&quot;,&quot;sizes&quot;:[]},&quot;element_pack_global_tooltip_padding&quot;:{&quot;unit&quot;:&quot;px&quot;,&quot;top&quot;:&quot;&quot;,&quot;right&quot;:&quot;&quot;,&quot;bottom&quot;:&quot;&quot;,&quot;left&quot;:&quot;&quot;,&quot;isLinked&quot;:true},&quot;element_pack_global_tooltip_padding_tablet&quot;:{&quot;unit&quot;:&quot;px&quot;,&quot;top&quot;:&quot;&quot;,&quot;right&quot;:&quot;&quot;,&quot;bottom&quot;:&quot;&quot;,&quot;left&quot;:&quot;&quot;,&quot;isLinked&quot;:true},&quot;element_pack_global_tooltip_padding_mobile&quot;:{&quot;unit&quot;:&quot;px&quot;,&quot;top&quot;:&quot;&quot;,&quot;right&quot;:&quot;&quot;,&quot;bottom&quot;:&quot;&quot;,&quot;left&quot;:&quot;&quot;,&quot;isLinked&quot;:true},&quot;element_pack_global_tooltip_border_radius&quot;:{&quot;unit&quot;:&quot;px&quot;,&quot;top&quot;:&quot;&quot;,&quot;right&quot;:&quot;&quot;,&quot;bottom&quot;:&quot;&quot;,&quot;left&quot;:&quot;&quot;,&quot;isLinked&quot;:true},&quot;element_pack_global_tooltip_border_radius_tablet&quot;:{&quot;unit&quot;:&quot;px&quot;,&quot;top&quot;:&quot;&quot;,&quot;right&quot;:&quot;&quot;,&quot;bottom&quot;:&quot;&quot;,&quot;left&quot;:&quot;&quot;,&quot;isLinked&quot;:true},&quot;element_pack_global_tooltip_border_radius_mobile&quot;:{&quot;unit&quot;:&quot;px&quot;,&quot;top&quot;:&quot;&quot;,&quot;right&quot;:&quot;&quot;,&quot;bottom&quot;:&quot;&quot;,&quot;left&quot;:&quot;&quot;,&quot;isLinked&quot;:true}}\" data-elementor-post-type=\"page\">\n\t\t\t\t<div class=\"elementor-element elementor-element-6fc4d61 e-flex e-con-boxed e-con e-parent\" data-id=\"6fc4d61\" data-element_type=\"container\" data-settings=\"{&quot;background_background&quot;:&quot;classic&quot;}\">\n\t\t\t\t\t<div class=\"e-con-inner\">\n\t\t\t\t<div class=\"elementor-element elementor-element-8960d6d elementor-widget elementor-widget-heading\" data-id=\"8960d6d\" data-element_type=\"widget\" data-widget_type=\"heading.default\">\n\t\t\t\t\t<h2 class=\"elementor-heading-title elementor-size-default\">Centre de t\u00e9l\u00e9chargement<\/h2>\t\t\t\t<\/div>\n\t\t<div class=\"elementor-element elementor-element-f1dee56 e-flex e-con-boxed e-con e-child\" data-id=\"f1dee56\" data-element_type=\"container\">\n\t\t\t\t\t<div class=\"e-con-inner\">\n\t\t\t\t<div class=\"elementor-element elementor-element-7593e0e elementor-widget__width-initial elementor-widget elementor-widget-image\" data-id=\"7593e0e\" data-element_type=\"widget\" data-widget_type=\"image.default\">\n\t\t\t\t\t\t\t\t\t\t\t\t\t\t\t<img loading=\"lazy\" decoding=\"async\" width=\"1024\" height=\"1024\" src=\"https:\/\/www.maxnav.com\/wp-content\/uploads\/2026\/03\/neywbvbbvhrmw0cwzb0aa8sh3m_preview_0-ezremove.webp\" class=\"attachment-full size-full wp-image-957\" alt=\"\" srcset=\"https:\/\/www.maxnav.com\/wp-content\/uploads\/2026\/03\/neywbvbbvhrmw0cwzb0aa8sh3m_preview_0-ezremove.webp 1024w, https:\/\/www.maxnav.com\/wp-content\/uploads\/2026\/03\/neywbvbbvhrmw0cwzb0aa8sh3m_preview_0-ezremove-300x300.webp 300w, https:\/\/www.maxnav.com\/wp-content\/uploads\/2026\/03\/neywbvbbvhrmw0cwzb0aa8sh3m_preview_0-ezremove-150x150.webp 150w, https:\/\/www.maxnav.com\/wp-content\/uploads\/2026\/03\/neywbvbbvhrmw0cwzb0aa8sh3m_preview_0-ezremove-768x768.webp 768w, https:\/\/www.maxnav.com\/wp-content\/uploads\/2026\/03\/neywbvbbvhrmw0cwzb0aa8sh3m_preview_0-ezremove-12x12.webp 12w\" sizes=\"auto, (max-width: 1024px) 100vw, 1024px\" \/>\t\t\t\t\t\t\t\t\t\t\t\t\t\t\t<\/div>\n\t\t\t\t<div class=\"elementor-element elementor-element-bd2db59 elementor-widget__width-initial elementor-widget elementor-widget-heading\" data-id=\"bd2db59\" data-element_type=\"widget\" data-widget_type=\"heading.default\">\n\t\t\t\t\t<h2 class=\"elementor-heading-title elementor-size-default\">R\u00e9cepteur GNSS de poche M6<\/h2>\t\t\t\t<\/div>\n\t\t\t\t<div class=\"elementor-element elementor-element-edd8a43 elementor-widget elementor-widget-button\" data-id=\"edd8a43\" data-element_type=\"widget\" data-widget_type=\"button.default\">\n\t\t\t\t\t\t\t\t\t\t<a class=\"elementor-button elementor-button-link elementor-size-sm\" href=\"https:\/\/www.maxnav.com\/wp-content\/uploads\/2025\/12\/M6-Pocket-GNSS-Receiver-1.pdf\" download=\"\">\n\t\t\t\t\t\t<span class=\"elementor-button-content-wrapper\">\n\t\t\t\t\t\t<span class=\"elementor-button-icon\">\n\t\t\t\t<i aria-hidden=\"true\" class=\"fas fa-download\"><\/i>\t\t\t<\/span>\n\t\t\t\t\t\t\t\t<\/span>\n\t\t\t\t\t<\/a>\n\t\t\t\t\t\t\t\t<\/div>\n\t\t\t\t\t<\/div>\n\t\t\t\t<\/div>\n\t\t<div class=\"elementor-element elementor-element-f06f086 e-flex e-con-boxed e-con e-child\" data-id=\"f06f086\" data-element_type=\"container\">\n\t\t\t\t\t<div class=\"e-con-inner\">\n\t\t\t\t<div class=\"elementor-element elementor-element-f7a24ac elementor-widget__width-initial elementor-widget elementor-widget-image\" data-id=\"f7a24ac\" data-element_type=\"widget\" data-widget_type=\"image.default\">\n\t\t\t\t\t\t\t\t\t\t\t\t\t\t\t<img loading=\"lazy\" decoding=\"async\" width=\"1024\" height=\"1024\" src=\"https:\/\/www.maxnav.com\/wp-content\/uploads\/2026\/03\/neywbvbbvhrmw0cwzb0aa8sh3m_preview_0-ezremove.webp\" class=\"attachment-full size-full wp-image-957\" alt=\"\" srcset=\"https:\/\/www.maxnav.com\/wp-content\/uploads\/2026\/03\/neywbvbbvhrmw0cwzb0aa8sh3m_preview_0-ezremove.webp 1024w, https:\/\/www.maxnav.com\/wp-content\/uploads\/2026\/03\/neywbvbbvhrmw0cwzb0aa8sh3m_preview_0-ezremove-300x300.webp 300w, https:\/\/www.maxnav.com\/wp-content\/uploads\/2026\/03\/neywbvbbvhrmw0cwzb0aa8sh3m_preview_0-ezremove-150x150.webp 150w, https:\/\/www.maxnav.com\/wp-content\/uploads\/2026\/03\/neywbvbbvhrmw0cwzb0aa8sh3m_preview_0-ezremove-768x768.webp 768w, https:\/\/www.maxnav.com\/wp-content\/uploads\/2026\/03\/neywbvbbvhrmw0cwzb0aa8sh3m_preview_0-ezremove-12x12.webp 12w\" sizes=\"auto, (max-width: 1024px) 100vw, 1024px\" \/>\t\t\t\t\t\t\t\t\t\t\t\t\t\t\t<\/div>\n\t\t\t\t<div class=\"elementor-element elementor-element-48b9189 elementor-widget__width-initial elementor-widget elementor-widget-heading\" data-id=\"48b9189\" data-element_type=\"widget\" data-widget_type=\"heading.default\">\n\t\t\t\t\t<h2 class=\"elementor-heading-title elementor-size-default\">R\u00e9cepteur visuel M7<\/h2>\t\t\t\t<\/div>\n\t\t\t\t<div class=\"elementor-element elementor-element-7672b99 elementor-widget elementor-widget-button\" data-id=\"7672b99\" data-element_type=\"widget\" data-widget_type=\"button.default\">\n\t\t\t\t\t\t\t\t\t\t<a class=\"elementor-button elementor-button-link elementor-size-sm\" href=\"https:\/\/www.maxnav.com\/wp-content\/uploads\/2025\/12\/M7-Visual-Receiver.pdf\" download=\"\">\n\t\t\t\t\t\t<span class=\"elementor-button-content-wrapper\">\n\t\t\t\t\t\t<span class=\"elementor-button-icon\">\n\t\t\t\t<i aria-hidden=\"true\" class=\"fas fa-download\"><\/i>\t\t\t<\/span>\n\t\t\t\t\t\t\t\t<\/span>\n\t\t\t\t\t<\/a>\n\t\t\t\t\t\t\t\t<\/div>\n\t\t\t\t\t<\/div>\n\t\t\t\t<\/div>\n\t\t<div class=\"elementor-element elementor-element-0636017 e-flex e-con-boxed e-con e-child\" data-id=\"0636017\" data-element_type=\"container\">\n\t\t\t\t\t<div class=\"e-con-inner\">\n\t\t\t\t<div class=\"elementor-element elementor-element-fdfa4c6 elementor-widget__width-initial elementor-widget elementor-widget-image\" data-id=\"fdfa4c6\" data-element_type=\"widget\" data-widget_type=\"image.default\">\n\t\t\t\t\t\t\t\t\t\t\t\t\t\t\t<img loading=\"lazy\" decoding=\"async\" width=\"1024\" height=\"1024\" src=\"https:\/\/www.maxnav.com\/wp-content\/uploads\/2026\/03\/neywbvbbvhrmw0cwzb0aa8sh3m_preview_0-ezremove.webp\" class=\"attachment-full size-full wp-image-957\" alt=\"\" srcset=\"https:\/\/www.maxnav.com\/wp-content\/uploads\/2026\/03\/neywbvbbvhrmw0cwzb0aa8sh3m_preview_0-ezremove.webp 1024w, https:\/\/www.maxnav.com\/wp-content\/uploads\/2026\/03\/neywbvbbvhrmw0cwzb0aa8sh3m_preview_0-ezremove-300x300.webp 300w, https:\/\/www.maxnav.com\/wp-content\/uploads\/2026\/03\/neywbvbbvhrmw0cwzb0aa8sh3m_preview_0-ezremove-150x150.webp 150w, https:\/\/www.maxnav.com\/wp-content\/uploads\/2026\/03\/neywbvbbvhrmw0cwzb0aa8sh3m_preview_0-ezremove-768x768.webp 768w, https:\/\/www.maxnav.com\/wp-content\/uploads\/2026\/03\/neywbvbbvhrmw0cwzb0aa8sh3m_preview_0-ezremove-12x12.webp 12w\" sizes=\"auto, (max-width: 1024px) 100vw, 1024px\" \/>\t\t\t\t\t\t\t\t\t\t\t\t\t\t\t<\/div>\n\t\t\t\t<div class=\"elementor-element elementor-element-627d473 elementor-widget__width-initial elementor-widget elementor-widget-heading\" data-id=\"627d473\" data-element_type=\"widget\" data-widget_type=\"heading.default\">\n\t\t\t\t\t<h2 class=\"elementor-heading-title elementor-size-default\">Comparaison entre le r\u00e9cepteur GNSS de poche M6 et le r\u00e9cepteur visuel M7<\/h2>\t\t\t\t<\/div>\n\t\t\t\t<div class=\"elementor-element elementor-element-5d314b8 elementor-widget elementor-widget-button\" data-id=\"5d314b8\" data-element_type=\"widget\" data-widget_type=\"button.default\">\n\t\t\t\t\t\t\t\t\t\t<a class=\"elementor-button elementor-button-link elementor-size-sm\" href=\"https:\/\/www.maxnav.com\/wp-content\/uploads\/2025\/12\/\u7b2c\u4e8c\u54c1\u724c\u6574\u5408\u5f69\u9875.pdf\" download=\"\">\n\t\t\t\t\t\t<span class=\"elementor-button-content-wrapper\">\n\t\t\t\t\t\t<span class=\"elementor-button-icon\">\n\t\t\t\t<i aria-hidden=\"true\" class=\"fas fa-download\"><\/i>\t\t\t<\/span>\n\t\t\t\t\t\t\t\t<\/span>\n\t\t\t\t\t<\/a>\n\t\t\t\t\t\t\t\t<\/div>\n\t\t\t\t\t<\/div>\n\t\t\t\t<\/div>\n\t\t\t\t\t<\/div>\n\t\t\t\t<\/div>\n\t\t<div class=\"elementor-element elementor-element-026e539 e-flex e-con-boxed e-con e-parent\" data-id=\"026e539\" data-element_type=\"container\">\n\t\t\t\t\t<div class=\"e-con-inner\">\n\t\t\t\t<div class=\"elementor-element elementor-element-d496c36 elementor-widget elementor-widget-heading\" data-id=\"d496c36\" data-element_type=\"widget\" data-widget_type=\"heading.default\">\n\t\t\t\t\t<h2 class=\"elementor-heading-title elementor-size-default\"> FAQ<\/h2>\t\t\t\t<\/div>\n\t\t\t\t<div class=\"elementor-element elementor-element-1de055c elementor-widget elementor-widget-n-accordion\" data-id=\"1de055c\" data-element_type=\"widget\" data-settings=\"{&quot;default_state&quot;:&quot;expanded&quot;,&quot;max_items_expended&quot;:&quot;one&quot;,&quot;n_accordion_animation_duration&quot;:{&quot;unit&quot;:&quot;ms&quot;,&quot;size&quot;:400,&quot;sizes&quot;:[]}}\" data-widget_type=\"nested-accordion.default\">\n\t\t\t\t\t\t\t<div class=\"e-n-accordion\" aria-label=\"Accord\u00e9on. Ouvrez les liens avec Entr\u00e9e ou Espace, fermez-les avec \u00c9chap et naviguez avec les touches fl\u00e9ch\u00e9es.\">\n\t\t\t\t\t\t<details id=\"e-n-accordion-item-3130\" class=\"e-n-accordion-item\" open>\n\t\t\t\t<summary class=\"e-n-accordion-item-title\" data-accordion-index=\"1\" tabindex=\"0\" aria-expanded=\"true\" aria-controls=\"e-n-accordion-item-3130\" >\n\t\t\t\t\t<span class='e-n-accordion-item-title-header'><div class=\"e-n-accordion-item-title-text\"> Quels sont les principaux secteurs d'activit\u00e9 desservis par MaxNav Technology ? <\/div><\/span>\n\t\t\t\t\t\t\t<span class='e-n-accordion-item-title-icon'>\n\t\t\t<span class='e-opened' ><i aria-hidden=\"true\" class=\"fas fa-minus\"><\/i><\/span>\n\t\t\t<span class='e-closed'><i aria-hidden=\"true\" class=\"fas fa-plus\"><\/i><\/span>\n\t\t<\/span>\n\n\t\t\t\t\t\t<\/summary>\n\t\t\t\t<div role=\"region\" aria-labelledby=\"e-n-accordion-item-3130\" class=\"elementor-element elementor-element-372d6a7 e-con-full e-flex e-con e-child\" data-id=\"372d6a7\" data-element_type=\"container\">\n\t\t\t\t<div class=\"elementor-element elementor-element-71dfb37 elementor-widget elementor-widget-text-editor\" data-id=\"71dfb37\" data-element_type=\"widget\" data-widget_type=\"text-editor.default\">\n\t\t\t\t\t\t\t\t\t<div data-lark-html-role=\"root\"><span class=\"text-only\" data-eleid=\"6\"> MaxNav est sp\u00e9cialis\u00e9e dans la fourniture de solutions GNSS et de guidage automatique de haute pr\u00e9cision pour divers secteurs, notamment la topographie et la cartographie., <span class=\"text-only text-with-abbreviation text-with-abbreviation-bottomline windows-bottomline\">pr\u00e9cision<\/span> agriculture et services de positionnement haute pr\u00e9cision. Nos technologies sont con\u00e7ues pour r\u00e9pondre aux exigences des professionnels qui ont besoin de performances fiables et efficaces dans des environnements difficiles.<\/span><\/div>\t\t\t\t\t\t\t\t<\/div>\n\t\t\t\t<\/div>\n\t\t\t\t\t<\/details>\n\t\t\t\t\t\t<details id=\"e-n-accordion-item-3131\" class=\"e-n-accordion-item\" >\n\t\t\t\t<summary class=\"e-n-accordion-item-title\" data-accordion-index=\"2\" tabindex=\"-1\" aria-expanded=\"false\" aria-controls=\"e-n-accordion-item-3131\" >\n\t\t\t\t\t<span class='e-n-accordion-item-title-header'><div class=\"e-n-accordion-item-title-text\"> Comment MaxNav garantit-il la rentabilit\u00e9 de ses produits ? <\/div><\/span>\n\t\t\t\t\t\t\t<span class='e-n-accordion-item-title-icon'>\n\t\t\t<span class='e-opened' ><i aria-hidden=\"true\" class=\"fas fa-minus\"><\/i><\/span>\n\t\t\t<span class='e-closed'><i aria-hidden=\"true\" class=\"fas fa-plus\"><\/i><\/span>\n\t\t<\/span>\n\n\t\t\t\t\t\t<\/summary>\n\t\t\t\t<div role=\"region\" aria-labelledby=\"e-n-accordion-item-3131\" class=\"elementor-element elementor-element-7a432aa e-con-full e-flex e-con e-child\" data-id=\"7a432aa\" data-element_type=\"container\">\n\t\t\t\t<div class=\"elementor-element elementor-element-734727f elementor-widget elementor-widget-text-editor\" data-id=\"734727f\" data-element_type=\"widget\" data-widget_type=\"text-editor.default\">\n\t\t\t\t\t\t\t\t\t<div data-lark-html-role=\"root\"><div data-lark-html-role=\"root\"><span class=\"text-only\" data-eleid=\"11\">Chez MaxNav, nous nous effor\u00e7ons de tirer parti de notre vaste <span class=\"text-only text-with-abbreviation text-with-abbreviation-bottomline windows-bottomline\">Recherche et d\u00e9veloppement<\/span> expertise pour d\u00e9velopper des technologies innovantes mais abordables. En optimisant les processus de production et en proposant des solutions \u00e9volutives adapt\u00e9es aux diff\u00e9rents besoins des utilisateurs, nous garantissons que nos produits offrent des performances \u00e9lev\u00e9es sans compromettre leur accessibilit\u00e9.<\/span><\/div><\/div>\t\t\t\t\t\t\t\t<\/div>\n\t\t\t\t<\/div>\n\t\t\t\t\t<\/details>\n\t\t\t\t\t\t<details id=\"e-n-accordion-item-3132\" class=\"e-n-accordion-item\" >\n\t\t\t\t<summary class=\"e-n-accordion-item-title\" data-accordion-index=\"3\" tabindex=\"-1\" aria-expanded=\"false\" aria-controls=\"e-n-accordion-item-3132\" >\n\t\t\t\t\t<span class='e-n-accordion-item-title-header'><div class=\"e-n-accordion-item-title-text\"> Qu'est-ce qui rend les solutions MaxNav adapt\u00e9es aux environnements difficiles ? <\/div><\/span>\n\t\t\t\t\t\t\t<span class='e-n-accordion-item-title-icon'>\n\t\t\t<span class='e-opened' ><i aria-hidden=\"true\" class=\"fas fa-minus\"><\/i><\/span>\n\t\t\t<span class='e-closed'><i aria-hidden=\"true\" class=\"fas fa-plus\"><\/i><\/span>\n\t\t<\/span>\n\n\t\t\t\t\t\t<\/summary>\n\t\t\t\t<div role=\"region\" aria-labelledby=\"e-n-accordion-item-3132\" class=\"elementor-element elementor-element-be318bd e-con-full e-flex e-con e-child\" data-id=\"be318bd\" data-element_type=\"container\">\n\t\t\t\t<div class=\"elementor-element elementor-element-51daa5a elementor-widget elementor-widget-text-editor\" data-id=\"51daa5a\" data-element_type=\"widget\" data-widget_type=\"text-editor.default\">\n\t\t\t\t\t\t\t\t\t<div data-lark-html-role=\"root\"><div data-lark-html-role=\"root\"><div data-lark-html-role=\"root\"><span class=\"text-only\">Nos produits sont con\u00e7us dans un souci de robustesse et de fiabilit\u00e9. Gr\u00e2ce \u00e0 une recherche et un d\u00e9veloppement continus, nous int\u00e9grons des technologies de pointe qui am\u00e9liorent la pr\u00e9cision et l'efficacit\u00e9 op\u00e9rationnelle, m\u00eame dans des conditions difficiles. Cela garantit des performances constantes pour les professionnels travaillant dans des environnements diversifi\u00e9s et impr\u00e9visibles.<\/span><\/div><\/div><\/div>\t\t\t\t\t\t\t\t<\/div>\n\t\t\t\t<\/div>\n\t\t\t\t\t<\/details>\n\t\t\t\t\t\t<details id=\"e-n-accordion-item-3133\" class=\"e-n-accordion-item\" >\n\t\t\t\t<summary class=\"e-n-accordion-item-title\" data-accordion-index=\"4\" tabindex=\"-1\" aria-expanded=\"false\" aria-controls=\"e-n-accordion-item-3133\" >\n\t\t\t\t\t<span class='e-n-accordion-item-title-header'><div class=\"e-n-accordion-item-title-text\"> MaxNav propose-t-il des solutions personnalis\u00e9es pour diff\u00e9rentes r\u00e9gions ou diff\u00e9rents march\u00e9s ? <\/div><\/span>\n\t\t\t\t\t\t\t<span class='e-n-accordion-item-title-icon'>\n\t\t\t<span class='e-opened' ><i aria-hidden=\"true\" class=\"fas fa-minus\"><\/i><\/span>\n\t\t\t<span class='e-closed'><i aria-hidden=\"true\" class=\"fas fa-plus\"><\/i><\/span>\n\t\t<\/span>\n\n\t\t\t\t\t\t<\/summary>\n\t\t\t\t<div role=\"region\" aria-labelledby=\"e-n-accordion-item-3133\" class=\"elementor-element elementor-element-505cb23 e-con-full e-flex e-con e-child\" data-id=\"505cb23\" data-element_type=\"container\">\n\t\t\t\t<div class=\"elementor-element elementor-element-d75a309 elementor-widget elementor-widget-text-editor\" data-id=\"d75a309\" data-element_type=\"widget\" data-widget_type=\"text-editor.default\">\n\t\t\t\t\t\t\t\t\t<div data-lark-html-role=\"root\"><div data-lark-html-role=\"root\"><div data-lark-html-role=\"root\"><div data-lark-html-role=\"root\"><span class=\"text-only\">Oui. MaxNav met l'accent sur des solutions adapt\u00e9es \u00e0 chaque r\u00e9gion afin de r\u00e9pondre aux besoins sp\u00e9cifiques du march\u00e9. En collaborant avec notre vaste r\u00e9seau de concessionnaires et en \u00e9coutant les commentaires des utilisateurs locaux, nous d\u00e9veloppons des outils et des technologies intuitifs qui r\u00e9pondent aux exigences particuli\u00e8res de diff\u00e9rents contextes g\u00e9ographiques et industriels.<\/span><\/div><\/div><\/div><\/div>\t\t\t\t\t\t\t\t<\/div>\n\t\t\t\t<\/div>\n\t\t\t\t\t<\/details>\n\t\t\t\t\t\t<details id=\"e-n-accordion-item-3134\" class=\"e-n-accordion-item\" >\n\t\t\t\t<summary class=\"e-n-accordion-item-title\" data-accordion-index=\"5\" tabindex=\"-1\" aria-expanded=\"false\" aria-controls=\"e-n-accordion-item-3134\" >\n\t\t\t\t\t<span class='e-n-accordion-item-title-header'><div class=\"e-n-accordion-item-title-text\"> Comment MaxNav soutient-il l'innovation et la conception centr\u00e9e sur l'utilisateur ? <\/div><\/span>\n\t\t\t\t\t\t\t<span class='e-n-accordion-item-title-icon'>\n\t\t\t<span class='e-opened' ><i aria-hidden=\"true\" class=\"fas fa-minus\"><\/i><\/span>\n\t\t\t<span class='e-closed'><i aria-hidden=\"true\" class=\"fas fa-plus\"><\/i><\/span>\n\t\t<\/span>\n\n\t\t\t\t\t\t<\/summary>\n\t\t\t\t<div role=\"region\" aria-labelledby=\"e-n-accordion-item-3134\" class=\"elementor-element elementor-element-4db6c85 e-con-full e-flex e-con e-child\" data-id=\"4db6c85\" data-element_type=\"container\">\n\t\t\t\t<div class=\"elementor-element elementor-element-9237157 elementor-widget elementor-widget-text-editor\" data-id=\"9237157\" data-element_type=\"widget\" data-widget_type=\"text-editor.default\">\n\t\t\t\t\t\t\t\t\t<p>L'innovation est au c\u0153ur de la mission de MaxNav. Nous disposons d'une \u00e9quipe de R&amp;D d\u00e9di\u00e9e qui se concentre sur des principes de conception centr\u00e9s sur l'utilisateur, affinant continuellement nos produits en fonction des commentaires des professionnels et de l'\u00e9volution des tendances du secteur. Cette approche nous permet de cr\u00e9er des outils pratiques et faciles \u00e0 utiliser qui stimulent la productivit\u00e9 et r\u00e9pondent aux d\u00e9fis du monde r\u00e9el.<\/p>\t\t\t\t\t\t\t\t<\/div>\n\t\t\t\t<\/div>\n\t\t\t\t\t<\/details>\n\t\t\t\t\t<\/div>\n\t\t\t\t\t\t<\/div>\n\t\t\t\t\t<\/div>\n\t\t\t\t<\/div>\n\t\t\t\t<\/div>","protected":false},"excerpt":{"rendered":"<p>Centre de t\u00e9l\u00e9chargement R\u00e9cepteur GNSS de poche M6 R\u00e9cepteur visuel M7 Comparaison du r\u00e9cepteur GNSS de poche M6 et du r\u00e9cepteur visuel M7 FAQ Quels sont les secteurs d'activit\u00e9 principaux de MaxNav Technology ? MaxNav est sp\u00e9cialis\u00e9 dans la fourniture de solutions GNSS et d'autoguidage de haute pr\u00e9cision pour une vari\u00e9t\u00e9 d'industries, y compris l'arpentage et la cartographie, l'agriculture de pr\u00e9cision et les services de positionnement de haute pr\u00e9cision. Nos technologies sont [...]<\/p>","protected":false},"author":1,"featured_media":0,"parent":0,"menu_order":0,"comment_status":"closed","ping_status":"closed","template":"","meta":{"_acf_changed":false,"footnotes":""},"class_list":["post-770","page","type-page","status-publish","hentry"],"acf":[],"_links":{"self":[{"href":"https:\/\/www.maxnav.com\/fr\/wp-json\/wp\/v2\/pages\/770","targetHints":{"allow":["GET"]}}],"collection":[{"href":"https:\/\/www.maxnav.com\/fr\/wp-json\/wp\/v2\/pages"}],"about":[{"href":"https:\/\/www.maxnav.com\/fr\/wp-json\/wp\/v2\/types\/page"}],"author":[{"embeddable":true,"href":"https:\/\/www.maxnav.com\/fr\/wp-json\/wp\/v2\/users\/1"}],"replies":[{"embeddable":true,"href":"https:\/\/www.maxnav.com\/fr\/wp-json\/wp\/v2\/comments?post=770"}],"version-history":[{"count":0,"href":"https:\/\/www.maxnav.com\/fr\/wp-json\/wp\/v2\/pages\/770\/revisions"}],"wp:attachment":[{"href":"https:\/\/www.maxnav.com\/fr\/wp-json\/wp\/v2\/media?parent=770"}],"curies":[{"name":"wp","href":"https:\/\/api.w.org\/{rel}","templated":true}]}}