{"id":770,"date":"2025-12-01T11:49:14","date_gmt":"2025-12-01T03:49:14","guid":{"rendered":"https:\/\/www.maxnav.com\/?page_id=770"},"modified":"2026-03-17T15:46:03","modified_gmt":"2026-03-17T07:46:03","slug":"support","status":"publish","type":"page","link":"https:\/\/www.maxnav.com\/es\/support\/","title":{"rendered":"Apoyo"},"content":{"rendered":"<div data-elementor-type=\"wp-page\" data-elementor-id=\"770\" class=\"elementor elementor-770\" data-elementor-settings=\"{&quot;element_pack_global_tooltip_width&quot;:{&quot;unit&quot;:&quot;px&quot;,&quot;size&quot;:&quot;&quot;,&quot;sizes&quot;:[]},&quot;element_pack_global_tooltip_width_tablet&quot;:{&quot;unit&quot;:&quot;px&quot;,&quot;size&quot;:&quot;&quot;,&quot;sizes&quot;:[]},&quot;element_pack_global_tooltip_width_mobile&quot;:{&quot;unit&quot;:&quot;px&quot;,&quot;size&quot;:&quot;&quot;,&quot;sizes&quot;:[]},&quot;element_pack_global_tooltip_padding&quot;:{&quot;unit&quot;:&quot;px&quot;,&quot;top&quot;:&quot;&quot;,&quot;right&quot;:&quot;&quot;,&quot;bottom&quot;:&quot;&quot;,&quot;left&quot;:&quot;&quot;,&quot;isLinked&quot;:true},&quot;element_pack_global_tooltip_padding_tablet&quot;:{&quot;unit&quot;:&quot;px&quot;,&quot;top&quot;:&quot;&quot;,&quot;right&quot;:&quot;&quot;,&quot;bottom&quot;:&quot;&quot;,&quot;left&quot;:&quot;&quot;,&quot;isLinked&quot;:true},&quot;element_pack_global_tooltip_padding_mobile&quot;:{&quot;unit&quot;:&quot;px&quot;,&quot;top&quot;:&quot;&quot;,&quot;right&quot;:&quot;&quot;,&quot;bottom&quot;:&quot;&quot;,&quot;left&quot;:&quot;&quot;,&quot;isLinked&quot;:true},&quot;element_pack_global_tooltip_border_radius&quot;:{&quot;unit&quot;:&quot;px&quot;,&quot;top&quot;:&quot;&quot;,&quot;right&quot;:&quot;&quot;,&quot;bottom&quot;:&quot;&quot;,&quot;left&quot;:&quot;&quot;,&quot;isLinked&quot;:true},&quot;element_pack_global_tooltip_border_radius_tablet&quot;:{&quot;unit&quot;:&quot;px&quot;,&quot;top&quot;:&quot;&quot;,&quot;right&quot;:&quot;&quot;,&quot;bottom&quot;:&quot;&quot;,&quot;left&quot;:&quot;&quot;,&quot;isLinked&quot;:true},&quot;element_pack_global_tooltip_border_radius_mobile&quot;:{&quot;unit&quot;:&quot;px&quot;,&quot;top&quot;:&quot;&quot;,&quot;right&quot;:&quot;&quot;,&quot;bottom&quot;:&quot;&quot;,&quot;left&quot;:&quot;&quot;,&quot;isLinked&quot;:true}}\" data-elementor-post-type=\"page\">\n\t\t\t\t<div class=\"elementor-element elementor-element-6fc4d61 e-flex e-con-boxed e-con e-parent\" data-id=\"6fc4d61\" data-element_type=\"container\" data-settings=\"{&quot;background_background&quot;:&quot;classic&quot;}\">\n\t\t\t\t\t<div class=\"e-con-inner\">\n\t\t\t\t<div class=\"elementor-element elementor-element-8960d6d elementor-widget elementor-widget-heading\" data-id=\"8960d6d\" data-element_type=\"widget\" data-widget_type=\"heading.default\">\n\t\t\t\t\t<h2 class=\"elementor-heading-title elementor-size-default\">Centro de descargas<\/h2>\t\t\t\t<\/div>\n\t\t<div class=\"elementor-element elementor-element-f1dee56 e-flex e-con-boxed e-con e-child\" data-id=\"f1dee56\" data-element_type=\"container\">\n\t\t\t\t\t<div class=\"e-con-inner\">\n\t\t\t\t<div class=\"elementor-element elementor-element-7593e0e elementor-widget__width-initial elementor-widget elementor-widget-image\" data-id=\"7593e0e\" data-element_type=\"widget\" data-widget_type=\"image.default\">\n\t\t\t\t\t\t\t\t\t\t\t\t\t\t\t<img loading=\"lazy\" decoding=\"async\" width=\"1024\" height=\"1024\" src=\"https:\/\/www.maxnav.com\/wp-content\/uploads\/2026\/03\/neywbvbbvhrmw0cwzb0aa8sh3m_preview_0-ezremove.webp\" class=\"attachment-full size-full wp-image-957\" alt=\"\" srcset=\"https:\/\/www.maxnav.com\/wp-content\/uploads\/2026\/03\/neywbvbbvhrmw0cwzb0aa8sh3m_preview_0-ezremove.webp 1024w, https:\/\/www.maxnav.com\/wp-content\/uploads\/2026\/03\/neywbvbbvhrmw0cwzb0aa8sh3m_preview_0-ezremove-300x300.webp 300w, https:\/\/www.maxnav.com\/wp-content\/uploads\/2026\/03\/neywbvbbvhrmw0cwzb0aa8sh3m_preview_0-ezremove-150x150.webp 150w, https:\/\/www.maxnav.com\/wp-content\/uploads\/2026\/03\/neywbvbbvhrmw0cwzb0aa8sh3m_preview_0-ezremove-768x768.webp 768w, https:\/\/www.maxnav.com\/wp-content\/uploads\/2026\/03\/neywbvbbvhrmw0cwzb0aa8sh3m_preview_0-ezremove-12x12.webp 12w\" sizes=\"auto, (max-width: 1024px) 100vw, 1024px\" \/>\t\t\t\t\t\t\t\t\t\t\t\t\t\t\t<\/div>\n\t\t\t\t<div class=\"elementor-element elementor-element-bd2db59 elementor-widget__width-initial elementor-widget elementor-widget-heading\" data-id=\"bd2db59\" data-element_type=\"widget\" data-widget_type=\"heading.default\">\n\t\t\t\t\t<h2 class=\"elementor-heading-title elementor-size-default\">Receptor GNSS de bolsillo M6<\/h2>\t\t\t\t<\/div>\n\t\t\t\t<div class=\"elementor-element elementor-element-edd8a43 elementor-widget elementor-widget-button\" data-id=\"edd8a43\" data-element_type=\"widget\" data-widget_type=\"button.default\">\n\t\t\t\t\t\t\t\t\t\t<a class=\"elementor-button elementor-button-link elementor-size-sm\" href=\"https:\/\/www.maxnav.com\/wp-content\/uploads\/2025\/12\/M6-Pocket-GNSS-Receiver-1.pdf\" download=\"\">\n\t\t\t\t\t\t<span class=\"elementor-button-content-wrapper\">\n\t\t\t\t\t\t<span class=\"elementor-button-icon\">\n\t\t\t\t<i aria-hidden=\"true\" class=\"fas fa-download\"><\/i>\t\t\t<\/span>\n\t\t\t\t\t\t\t\t<\/span>\n\t\t\t\t\t<\/a>\n\t\t\t\t\t\t\t\t<\/div>\n\t\t\t\t\t<\/div>\n\t\t\t\t<\/div>\n\t\t<div class=\"elementor-element elementor-element-f06f086 e-flex e-con-boxed e-con e-child\" data-id=\"f06f086\" data-element_type=\"container\">\n\t\t\t\t\t<div class=\"e-con-inner\">\n\t\t\t\t<div class=\"elementor-element elementor-element-f7a24ac elementor-widget__width-initial elementor-widget elementor-widget-image\" data-id=\"f7a24ac\" data-element_type=\"widget\" data-widget_type=\"image.default\">\n\t\t\t\t\t\t\t\t\t\t\t\t\t\t\t<img loading=\"lazy\" decoding=\"async\" width=\"1024\" height=\"1024\" src=\"https:\/\/www.maxnav.com\/wp-content\/uploads\/2026\/03\/neywbvbbvhrmw0cwzb0aa8sh3m_preview_0-ezremove.webp\" class=\"attachment-full size-full wp-image-957\" alt=\"\" srcset=\"https:\/\/www.maxnav.com\/wp-content\/uploads\/2026\/03\/neywbvbbvhrmw0cwzb0aa8sh3m_preview_0-ezremove.webp 1024w, https:\/\/www.maxnav.com\/wp-content\/uploads\/2026\/03\/neywbvbbvhrmw0cwzb0aa8sh3m_preview_0-ezremove-300x300.webp 300w, https:\/\/www.maxnav.com\/wp-content\/uploads\/2026\/03\/neywbvbbvhrmw0cwzb0aa8sh3m_preview_0-ezremove-150x150.webp 150w, https:\/\/www.maxnav.com\/wp-content\/uploads\/2026\/03\/neywbvbbvhrmw0cwzb0aa8sh3m_preview_0-ezremove-768x768.webp 768w, https:\/\/www.maxnav.com\/wp-content\/uploads\/2026\/03\/neywbvbbvhrmw0cwzb0aa8sh3m_preview_0-ezremove-12x12.webp 12w\" sizes=\"auto, (max-width: 1024px) 100vw, 1024px\" \/>\t\t\t\t\t\t\t\t\t\t\t\t\t\t\t<\/div>\n\t\t\t\t<div class=\"elementor-element elementor-element-48b9189 elementor-widget__width-initial elementor-widget elementor-widget-heading\" data-id=\"48b9189\" data-element_type=\"widget\" data-widget_type=\"heading.default\">\n\t\t\t\t\t<h2 class=\"elementor-heading-title elementor-size-default\">Receptor visual M7<\/h2>\t\t\t\t<\/div>\n\t\t\t\t<div class=\"elementor-element elementor-element-7672b99 elementor-widget elementor-widget-button\" data-id=\"7672b99\" data-element_type=\"widget\" data-widget_type=\"button.default\">\n\t\t\t\t\t\t\t\t\t\t<a class=\"elementor-button elementor-button-link elementor-size-sm\" href=\"https:\/\/www.maxnav.com\/wp-content\/uploads\/2025\/12\/M7-Visual-Receiver.pdf\" download=\"\">\n\t\t\t\t\t\t<span class=\"elementor-button-content-wrapper\">\n\t\t\t\t\t\t<span class=\"elementor-button-icon\">\n\t\t\t\t<i aria-hidden=\"true\" class=\"fas fa-download\"><\/i>\t\t\t<\/span>\n\t\t\t\t\t\t\t\t<\/span>\n\t\t\t\t\t<\/a>\n\t\t\t\t\t\t\t\t<\/div>\n\t\t\t\t\t<\/div>\n\t\t\t\t<\/div>\n\t\t<div class=\"elementor-element elementor-element-0636017 e-flex e-con-boxed e-con e-child\" data-id=\"0636017\" data-element_type=\"container\">\n\t\t\t\t\t<div class=\"e-con-inner\">\n\t\t\t\t<div class=\"elementor-element elementor-element-fdfa4c6 elementor-widget__width-initial elementor-widget elementor-widget-image\" data-id=\"fdfa4c6\" data-element_type=\"widget\" data-widget_type=\"image.default\">\n\t\t\t\t\t\t\t\t\t\t\t\t\t\t\t<img loading=\"lazy\" decoding=\"async\" width=\"1024\" height=\"1024\" src=\"https:\/\/www.maxnav.com\/wp-content\/uploads\/2026\/03\/neywbvbbvhrmw0cwzb0aa8sh3m_preview_0-ezremove.webp\" class=\"attachment-full size-full wp-image-957\" alt=\"\" srcset=\"https:\/\/www.maxnav.com\/wp-content\/uploads\/2026\/03\/neywbvbbvhrmw0cwzb0aa8sh3m_preview_0-ezremove.webp 1024w, https:\/\/www.maxnav.com\/wp-content\/uploads\/2026\/03\/neywbvbbvhrmw0cwzb0aa8sh3m_preview_0-ezremove-300x300.webp 300w, https:\/\/www.maxnav.com\/wp-content\/uploads\/2026\/03\/neywbvbbvhrmw0cwzb0aa8sh3m_preview_0-ezremove-150x150.webp 150w, https:\/\/www.maxnav.com\/wp-content\/uploads\/2026\/03\/neywbvbbvhrmw0cwzb0aa8sh3m_preview_0-ezremove-768x768.webp 768w, https:\/\/www.maxnav.com\/wp-content\/uploads\/2026\/03\/neywbvbbvhrmw0cwzb0aa8sh3m_preview_0-ezremove-12x12.webp 12w\" sizes=\"auto, (max-width: 1024px) 100vw, 1024px\" \/>\t\t\t\t\t\t\t\t\t\t\t\t\t\t\t<\/div>\n\t\t\t\t<div class=\"elementor-element elementor-element-627d473 elementor-widget__width-initial elementor-widget elementor-widget-heading\" data-id=\"627d473\" data-element_type=\"widget\" data-widget_type=\"heading.default\">\n\t\t\t\t\t<h2 class=\"elementor-heading-title elementor-size-default\">Comparaci\u00f3n entre el receptor GNSS de bolsillo M6 y el receptor visual M7<\/h2>\t\t\t\t<\/div>\n\t\t\t\t<div class=\"elementor-element elementor-element-5d314b8 elementor-widget elementor-widget-button\" data-id=\"5d314b8\" data-element_type=\"widget\" data-widget_type=\"button.default\">\n\t\t\t\t\t\t\t\t\t\t<a class=\"elementor-button elementor-button-link elementor-size-sm\" href=\"https:\/\/www.maxnav.com\/wp-content\/uploads\/2025\/12\/\u7b2c\u4e8c\u54c1\u724c\u6574\u5408\u5f69\u9875.pdf\" download=\"\">\n\t\t\t\t\t\t<span class=\"elementor-button-content-wrapper\">\n\t\t\t\t\t\t<span class=\"elementor-button-icon\">\n\t\t\t\t<i aria-hidden=\"true\" class=\"fas fa-download\"><\/i>\t\t\t<\/span>\n\t\t\t\t\t\t\t\t<\/span>\n\t\t\t\t\t<\/a>\n\t\t\t\t\t\t\t\t<\/div>\n\t\t\t\t\t<\/div>\n\t\t\t\t<\/div>\n\t\t\t\t\t<\/div>\n\t\t\t\t<\/div>\n\t\t<div class=\"elementor-element elementor-element-026e539 e-flex e-con-boxed e-con e-parent\" data-id=\"026e539\" data-element_type=\"container\">\n\t\t\t\t\t<div class=\"e-con-inner\">\n\t\t\t\t<div class=\"elementor-element elementor-element-d496c36 elementor-widget elementor-widget-heading\" data-id=\"d496c36\" data-element_type=\"widget\" data-widget_type=\"heading.default\">\n\t\t\t\t\t<h2 class=\"elementor-heading-title elementor-size-default\"> Preguntas frecuentes<\/h2>\t\t\t\t<\/div>\n\t\t\t\t<div class=\"elementor-element elementor-element-1de055c elementor-widget elementor-widget-n-accordion\" data-id=\"1de055c\" data-element_type=\"widget\" data-settings=\"{&quot;default_state&quot;:&quot;expanded&quot;,&quot;max_items_expended&quot;:&quot;one&quot;,&quot;n_accordion_animation_duration&quot;:{&quot;unit&quot;:&quot;ms&quot;,&quot;size&quot;:400,&quot;sizes&quot;:[]}}\" data-widget_type=\"nested-accordion.default\">\n\t\t\t\t\t\t\t<div class=\"e-n-accordion\" aria-label=\"Acorde\u00f3n. Abra los enlaces con Intro o Espacio, ci\u00e9rrelos con Escape y navegue con las teclas de flecha.\">\n\t\t\t\t\t\t<details id=\"e-n-accordion-item-3130\" class=\"e-n-accordion-item\" open>\n\t\t\t\t<summary class=\"e-n-accordion-item-title\" data-accordion-index=\"1\" tabindex=\"0\" aria-expanded=\"true\" aria-controls=\"e-n-accordion-item-3130\" >\n\t\t\t\t\t<span class='e-n-accordion-item-title-header'><div class=\"e-n-accordion-item-title-text\"> \u00bfA qu\u00e9 industrias presta servicio principalmente MaxNav Technology? <\/div><\/span>\n\t\t\t\t\t\t\t<span class='e-n-accordion-item-title-icon'>\n\t\t\t<span class='e-opened' ><i aria-hidden=\"true\" class=\"fas fa-minus\"><\/i><\/span>\n\t\t\t<span class='e-closed'><i aria-hidden=\"true\" class=\"fas fa-plus\"><\/i><\/span>\n\t\t<\/span>\n\n\t\t\t\t\t\t<\/summary>\n\t\t\t\t<div role=\"region\" aria-labelledby=\"e-n-accordion-item-3130\" class=\"elementor-element elementor-element-372d6a7 e-con-full e-flex e-con e-child\" data-id=\"372d6a7\" data-element_type=\"container\">\n\t\t\t\t<div class=\"elementor-element elementor-element-71dfb37 elementor-widget elementor-widget-text-editor\" data-id=\"71dfb37\" data-element_type=\"widget\" data-widget_type=\"text-editor.default\">\n\t\t\t\t\t\t\t\t\t<div data-lark-html-role=\"root\"><span class=\"text-only\" data-eleid=\"6\"> MaxNav se especializa en proporcionar soluciones GNSS y de direcci\u00f3n autom\u00e1tica de alta precisi\u00f3n para una variedad de industrias, incluyendo topograf\u00eda y cartograf\u00eda., <span class=\"text-only text-with-abbreviation text-with-abbreviation-bottomline windows-bottomline\">precisi\u00f3n<\/span> agricultura y servicios de posicionamiento de alta precisi\u00f3n. Nuestras tecnolog\u00edas est\u00e1n dise\u00f1adas para satisfacer las exigencias de los profesionales que requieren un rendimiento fiable y eficiente en entornos dif\u00edciles.<\/span><\/div>\t\t\t\t\t\t\t\t<\/div>\n\t\t\t\t<\/div>\n\t\t\t\t\t<\/details>\n\t\t\t\t\t\t<details id=\"e-n-accordion-item-3131\" class=\"e-n-accordion-item\" >\n\t\t\t\t<summary class=\"e-n-accordion-item-title\" data-accordion-index=\"2\" tabindex=\"-1\" aria-expanded=\"false\" aria-controls=\"e-n-accordion-item-3131\" >\n\t\t\t\t\t<span class='e-n-accordion-item-title-header'><div class=\"e-n-accordion-item-title-text\"> \u00bfC\u00f3mo garantiza MaxNav la rentabilidad de sus productos? <\/div><\/span>\n\t\t\t\t\t\t\t<span class='e-n-accordion-item-title-icon'>\n\t\t\t<span class='e-opened' ><i aria-hidden=\"true\" class=\"fas fa-minus\"><\/i><\/span>\n\t\t\t<span class='e-closed'><i aria-hidden=\"true\" class=\"fas fa-plus\"><\/i><\/span>\n\t\t<\/span>\n\n\t\t\t\t\t\t<\/summary>\n\t\t\t\t<div role=\"region\" aria-labelledby=\"e-n-accordion-item-3131\" class=\"elementor-element elementor-element-7a432aa e-con-full e-flex e-con e-child\" data-id=\"7a432aa\" data-element_type=\"container\">\n\t\t\t\t<div class=\"elementor-element elementor-element-734727f elementor-widget elementor-widget-text-editor\" data-id=\"734727f\" data-element_type=\"widget\" data-widget_type=\"text-editor.default\">\n\t\t\t\t\t\t\t\t\t<div data-lark-html-role=\"root\"><div data-lark-html-role=\"root\"><span class=\"text-only\" data-eleid=\"11\">En MaxNav, nos enfocamos en aprovechar nuestra amplia experiencia <span class=\"text-only text-with-abbreviation text-with-abbreviation-bottomline windows-bottomline\">Investigaci\u00f3n y desarrollo<\/span> experiencia para desarrollar tecnolog\u00edas innovadoras y asequibles. Al optimizar los procesos de producci\u00f3n y ofrecer soluciones escalables adaptadas a las diferentes necesidades de los usuarios, nos aseguramos de que nuestros productos ofrezcan un alto rendimiento sin comprometer la accesibilidad.<\/span><\/div><\/div>\t\t\t\t\t\t\t\t<\/div>\n\t\t\t\t<\/div>\n\t\t\t\t\t<\/details>\n\t\t\t\t\t\t<details id=\"e-n-accordion-item-3132\" class=\"e-n-accordion-item\" >\n\t\t\t\t<summary class=\"e-n-accordion-item-title\" data-accordion-index=\"3\" tabindex=\"-1\" aria-expanded=\"false\" aria-controls=\"e-n-accordion-item-3132\" >\n\t\t\t\t\t<span class='e-n-accordion-item-title-header'><div class=\"e-n-accordion-item-title-text\"> \u00bfQu\u00e9 hace que las soluciones de MaxNav sean adecuadas para entornos dif\u00edciles? <\/div><\/span>\n\t\t\t\t\t\t\t<span class='e-n-accordion-item-title-icon'>\n\t\t\t<span class='e-opened' ><i aria-hidden=\"true\" class=\"fas fa-minus\"><\/i><\/span>\n\t\t\t<span class='e-closed'><i aria-hidden=\"true\" class=\"fas fa-plus\"><\/i><\/span>\n\t\t<\/span>\n\n\t\t\t\t\t\t<\/summary>\n\t\t\t\t<div role=\"region\" aria-labelledby=\"e-n-accordion-item-3132\" class=\"elementor-element elementor-element-be318bd e-con-full e-flex e-con e-child\" data-id=\"be318bd\" data-element_type=\"container\">\n\t\t\t\t<div class=\"elementor-element elementor-element-51daa5a elementor-widget elementor-widget-text-editor\" data-id=\"51daa5a\" data-element_type=\"widget\" data-widget_type=\"text-editor.default\">\n\t\t\t\t\t\t\t\t\t<div data-lark-html-role=\"root\"><div data-lark-html-role=\"root\"><div data-lark-html-role=\"root\"><span class=\"text-only\">Nuestros productos se dise\u00f1an teniendo en cuenta la solidez y la confiabilidad. A trav\u00e9s de una investigaci\u00f3n y desarrollo continuos, integramos tecnolog\u00edas avanzadas que mejoran la precisi\u00f3n y la eficiencia operativa, incluso en condiciones exigentes. Esto garantiza un rendimiento constante para los profesionales que trabajan en entornos diversos e impredecibles.<\/span><\/div><\/div><\/div>\t\t\t\t\t\t\t\t<\/div>\n\t\t\t\t<\/div>\n\t\t\t\t\t<\/details>\n\t\t\t\t\t\t<details id=\"e-n-accordion-item-3133\" class=\"e-n-accordion-item\" >\n\t\t\t\t<summary class=\"e-n-accordion-item-title\" data-accordion-index=\"4\" tabindex=\"-1\" aria-expanded=\"false\" aria-controls=\"e-n-accordion-item-3133\" >\n\t\t\t\t\t<span class='e-n-accordion-item-title-header'><div class=\"e-n-accordion-item-title-text\"> \u00bfMaxNav ofrece soluciones personalizadas para diferentes regiones o mercados? <\/div><\/span>\n\t\t\t\t\t\t\t<span class='e-n-accordion-item-title-icon'>\n\t\t\t<span class='e-opened' ><i aria-hidden=\"true\" class=\"fas fa-minus\"><\/i><\/span>\n\t\t\t<span class='e-closed'><i aria-hidden=\"true\" class=\"fas fa-plus\"><\/i><\/span>\n\t\t<\/span>\n\n\t\t\t\t\t\t<\/summary>\n\t\t\t\t<div role=\"region\" aria-labelledby=\"e-n-accordion-item-3133\" class=\"elementor-element elementor-element-505cb23 e-con-full e-flex e-con e-child\" data-id=\"505cb23\" data-element_type=\"container\">\n\t\t\t\t<div class=\"elementor-element elementor-element-d75a309 elementor-widget elementor-widget-text-editor\" data-id=\"d75a309\" data-element_type=\"widget\" data-widget_type=\"text-editor.default\">\n\t\t\t\t\t\t\t\t\t<div data-lark-html-role=\"root\"><div data-lark-html-role=\"root\"><div data-lark-html-role=\"root\"><div data-lark-html-role=\"root\"><span class=\"text-only\">S\u00ed. MaxNav hace hincapi\u00e9 en soluciones adaptadas a cada regi\u00f3n para satisfacer las necesidades espec\u00edficas del mercado. Gracias a la colaboraci\u00f3n con nuestra amplia red de distribuidores y a la atenci\u00f3n que prestamos a los comentarios de los usuarios locales, desarrollamos herramientas y tecnolog\u00edas intuitivas que se ajustan a los requisitos \u00fanicos de los diferentes contextos geogr\u00e1ficos e industriales.<\/span><\/div><\/div><\/div><\/div>\t\t\t\t\t\t\t\t<\/div>\n\t\t\t\t<\/div>\n\t\t\t\t\t<\/details>\n\t\t\t\t\t\t<details id=\"e-n-accordion-item-3134\" class=\"e-n-accordion-item\" >\n\t\t\t\t<summary class=\"e-n-accordion-item-title\" data-accordion-index=\"5\" tabindex=\"-1\" aria-expanded=\"false\" aria-controls=\"e-n-accordion-item-3134\" >\n\t\t\t\t\t<span class='e-n-accordion-item-title-header'><div class=\"e-n-accordion-item-title-text\"> \u00bfC\u00f3mo apoya MaxNav la innovaci\u00f3n y el dise\u00f1o centrado en el usuario? <\/div><\/span>\n\t\t\t\t\t\t\t<span class='e-n-accordion-item-title-icon'>\n\t\t\t<span class='e-opened' ><i aria-hidden=\"true\" class=\"fas fa-minus\"><\/i><\/span>\n\t\t\t<span class='e-closed'><i aria-hidden=\"true\" class=\"fas fa-plus\"><\/i><\/span>\n\t\t<\/span>\n\n\t\t\t\t\t\t<\/summary>\n\t\t\t\t<div role=\"region\" aria-labelledby=\"e-n-accordion-item-3134\" class=\"elementor-element elementor-element-4db6c85 e-con-full e-flex e-con e-child\" data-id=\"4db6c85\" data-element_type=\"container\">\n\t\t\t\t<div class=\"elementor-element elementor-element-9237157 elementor-widget elementor-widget-text-editor\" data-id=\"9237157\" data-element_type=\"widget\" data-widget_type=\"text-editor.default\">\n\t\t\t\t\t\t\t\t\t<p>La innovaci\u00f3n es el n\u00facleo de la misi\u00f3n de MaxNav. Contamos con un equipo de investigaci\u00f3n y desarrollo dedicado que se centra en los principios de dise\u00f1o centrados en el usuario, perfeccionando continuamente nuestros productos bas\u00e1ndonos en los comentarios de los profesionales y las tendencias cambiantes del sector. Este enfoque nos permite crear herramientas pr\u00e1cticas y f\u00e1ciles de usar que aumentan la productividad y responden a los retos del mundo real.<\/p>\t\t\t\t\t\t\t\t<\/div>\n\t\t\t\t<\/div>\n\t\t\t\t\t<\/details>\n\t\t\t\t\t<\/div>\n\t\t\t\t\t\t<\/div>\n\t\t\t\t\t<\/div>\n\t\t\t\t<\/div>\n\t\t\t\t<\/div>","protected":false},"excerpt":{"rendered":"<p>Centro de descargas Receptor GNSS de bolsillo M6 Receptor visual M7 Comparaci\u00f3n entre el receptor GNSS de bolsillo M6 y el receptor visual M7 Preguntas frecuentes \u00bfA qu\u00e9 sectores se dirige principalmente MaxNav Technology? MaxNav se especializa en proporcionar soluciones GNSS y de direcci\u00f3n autom\u00e1tica de alta precisi\u00f3n para una amplia variedad de sectores, entre los que se incluyen la topograf\u00eda y la cartograf\u00eda, la agricultura de precisi\u00f3n y los servicios de posicionamiento de alta precisi\u00f3n. Nuestras tecnolog\u00edas son [\u2026]<\/p>","protected":false},"author":1,"featured_media":0,"parent":0,"menu_order":0,"comment_status":"closed","ping_status":"closed","template":"","meta":{"_acf_changed":false,"footnotes":""},"class_list":["post-770","page","type-page","status-publish","hentry"],"acf":[],"_links":{"self":[{"href":"https:\/\/www.maxnav.com\/es\/wp-json\/wp\/v2\/pages\/770","targetHints":{"allow":["GET"]}}],"collection":[{"href":"https:\/\/www.maxnav.com\/es\/wp-json\/wp\/v2\/pages"}],"about":[{"href":"https:\/\/www.maxnav.com\/es\/wp-json\/wp\/v2\/types\/page"}],"author":[{"embeddable":true,"href":"https:\/\/www.maxnav.com\/es\/wp-json\/wp\/v2\/users\/1"}],"replies":[{"embeddable":true,"href":"https:\/\/www.maxnav.com\/es\/wp-json\/wp\/v2\/comments?post=770"}],"version-history":[{"count":0,"href":"https:\/\/www.maxnav.com\/es\/wp-json\/wp\/v2\/pages\/770\/revisions"}],"wp:attachment":[{"href":"https:\/\/www.maxnav.com\/es\/wp-json\/wp\/v2\/media?parent=770"}],"curies":[{"name":"wp","href":"https:\/\/api.w.org\/{rel}","templated":true}]}}