{"id":165,"date":"2023-07-04T13:41:25","date_gmt":"2023-07-04T05:41:25","guid":{"rendered":"https:\/\/www.maxnav.com\/?page_id=165"},"modified":"2025-12-26T15:53:40","modified_gmt":"2025-12-26T07:53:40","slug":"contact-us","status":"publish","type":"page","link":"https:\/\/www.maxnav.com\/es\/contact-us\/","title":{"rendered":"Cont\u00e1ctenos"},"content":{"rendered":"<div data-elementor-type=\"wp-page\" data-elementor-id=\"165\" class=\"elementor elementor-165\" data-elementor-settings=\"{&quot;element_pack_global_tooltip_width&quot;:{&quot;unit&quot;:&quot;px&quot;,&quot;size&quot;:&quot;&quot;,&quot;sizes&quot;:[]},&quot;element_pack_global_tooltip_width_tablet&quot;:{&quot;unit&quot;:&quot;px&quot;,&quot;size&quot;:&quot;&quot;,&quot;sizes&quot;:[]},&quot;element_pack_global_tooltip_width_mobile&quot;:{&quot;unit&quot;:&quot;px&quot;,&quot;size&quot;:&quot;&quot;,&quot;sizes&quot;:[]},&quot;element_pack_global_tooltip_padding&quot;:{&quot;unit&quot;:&quot;px&quot;,&quot;top&quot;:&quot;&quot;,&quot;right&quot;:&quot;&quot;,&quot;bottom&quot;:&quot;&quot;,&quot;left&quot;:&quot;&quot;,&quot;isLinked&quot;:true},&quot;element_pack_global_tooltip_padding_tablet&quot;:{&quot;unit&quot;:&quot;px&quot;,&quot;top&quot;:&quot;&quot;,&quot;right&quot;:&quot;&quot;,&quot;bottom&quot;:&quot;&quot;,&quot;left&quot;:&quot;&quot;,&quot;isLinked&quot;:true},&quot;element_pack_global_tooltip_padding_mobile&quot;:{&quot;unit&quot;:&quot;px&quot;,&quot;top&quot;:&quot;&quot;,&quot;right&quot;:&quot;&quot;,&quot;bottom&quot;:&quot;&quot;,&quot;left&quot;:&quot;&quot;,&quot;isLinked&quot;:true},&quot;element_pack_global_tooltip_border_radius&quot;:{&quot;unit&quot;:&quot;px&quot;,&quot;top&quot;:&quot;&quot;,&quot;right&quot;:&quot;&quot;,&quot;bottom&quot;:&quot;&quot;,&quot;left&quot;:&quot;&quot;,&quot;isLinked&quot;:true},&quot;element_pack_global_tooltip_border_radius_tablet&quot;:{&quot;unit&quot;:&quot;px&quot;,&quot;top&quot;:&quot;&quot;,&quot;right&quot;:&quot;&quot;,&quot;bottom&quot;:&quot;&quot;,&quot;left&quot;:&quot;&quot;,&quot;isLinked&quot;:true},&quot;element_pack_global_tooltip_border_radius_mobile&quot;:{&quot;unit&quot;:&quot;px&quot;,&quot;top&quot;:&quot;&quot;,&quot;right&quot;:&quot;&quot;,&quot;bottom&quot;:&quot;&quot;,&quot;left&quot;:&quot;&quot;,&quot;isLinked&quot;:true}}\" data-elementor-post-type=\"page\">\n\t\t\t\t\t\t<section class=\"elementor-section elementor-top-section elementor-element elementor-element-72b4d365 elementor-section-height-min-height elementor-section-boxed elementor-section-height-default elementor-section-items-middle\" data-id=\"72b4d365\" data-element_type=\"section\" data-settings=\"{&quot;background_background&quot;:&quot;classic&quot;}\">\n\t\t\t\t\t\t\t<div class=\"elementor-background-overlay\"><\/div>\n\t\t\t\t\t\t\t<div class=\"elementor-container elementor-column-gap-default\">\n\t\t\t\t\t<div class=\"elementor-column elementor-col-100 elementor-top-column elementor-element elementor-element-1618d228\" data-id=\"1618d228\" data-element_type=\"column\">\n\t\t\t<div class=\"elementor-widget-wrap elementor-element-populated\">\n\t\t\t\t\t\t\t<\/div>\n\t\t<\/div>\n\t\t\t\t\t<\/div>\n\t\t<\/section>\n\t\t\t\t<section class=\"elementor-section elementor-top-section elementor-element elementor-element-a1ef6a0 elementor-section-boxed elementor-section-height-default elementor-section-height-default\" data-id=\"a1ef6a0\" data-element_type=\"section\">\n\t\t\t\t\t\t<div class=\"elementor-container elementor-column-gap-default\">\n\t\t\t\t\t<div class=\"elementor-column elementor-col-100 elementor-top-column elementor-element elementor-element-0ead894\" data-id=\"0ead894\" data-element_type=\"column\">\n\t\t\t<div class=\"elementor-widget-wrap elementor-element-populated\">\n\t\t\t\t\t\t<div class=\"elementor-element elementor-element-e42c009 breadcrumb elementor-widget elementor-widget-shortcode\" data-id=\"e42c009\" data-element_type=\"widget\" data-widget_type=\"shortcode.default\">\n\t\t\t\t\t\t\t<div class=\"elementor-shortcode\"><\/div>\n\t\t\t\t\t\t<\/div>\n\t\t\t\t\t<\/div>\n\t\t<\/div>\n\t\t\t\t\t<\/div>\n\t\t<\/section>\n\t\t\t\t<section class=\"elementor-section elementor-top-section elementor-element elementor-element-0fde148 elementor-section-boxed elementor-section-height-default elementor-section-height-default\" data-id=\"0fde148\" data-element_type=\"section\">\n\t\t\t\t\t\t<div class=\"elementor-container elementor-column-gap-default\">\n\t\t\t\t\t<div class=\"elementor-column elementor-col-100 elementor-top-column elementor-element elementor-element-9bd3987\" data-id=\"9bd3987\" data-element_type=\"column\" data-settings=\"{&quot;background_background&quot;:&quot;classic&quot;}\">\n\t\t\t<div class=\"elementor-widget-wrap elementor-element-populated\">\n\t\t\t\t<div class=\"elementor-element elementor-element-ad878c8 e-con-full e-flex e-con e-parent\" data-id=\"ad878c8\" data-element_type=\"container\">\n\t\t<div class=\"elementor-element elementor-element-6e18fe5 e-con-full e-flex e-con e-child\" data-id=\"6e18fe5\" data-element_type=\"container\">\n\t\t\t\t<div class=\"elementor-element elementor-element-f3f97b7 elementor-widget elementor-widget-heading\" data-id=\"f3f97b7\" data-element_type=\"widget\" data-widget_type=\"heading.default\">\n\t\t\t\t\t<h2 class=\"elementor-heading-title elementor-size-default\">Pong\u00e1monos en contacto. Cont\u00e1ctenos.<\/h2>\t\t\t\t<\/div>\n\t\t\t\t<div class=\"elementor-element elementor-element-1bd938f elementor-widget-divider--view-line elementor-widget elementor-widget-divider\" data-id=\"1bd938f\" data-element_type=\"widget\" data-widget_type=\"divider.default\">\n\t\t\t\t\t\t\t<div class=\"elementor-divider\">\n\t\t\t<span class=\"elementor-divider-separator\">\n\t\t\t\t\t\t<\/span>\n\t\t<\/div>\n\t\t\t\t\t\t<\/div>\n\t\t\t\t<div class=\"elementor-element elementor-element-e3e719f elementor-icon-list--layout-traditional elementor-list-item-link-full_width elementor-widget elementor-widget-icon-list\" data-id=\"e3e719f\" data-element_type=\"widget\" data-widget_type=\"icon-list.default\">\n\t\t\t\t\t\t\t<ul class=\"elementor-icon-list-items\">\n\t\t\t\t\t\t\t<li class=\"elementor-icon-list-item\">\n\t\t\t\t\t\t\t\t\t\t\t<a href=\"tel:21%2064056796\">\n\n\t\t\t\t\t\t\t\t\t\t\t\t<span class=\"elementor-icon-list-icon\">\n\t\t\t\t\t\t\t<i aria-hidden=\"true\" class=\"fas fa-phone-alt\"><\/i>\t\t\t\t\t\t<\/span>\n\t\t\t\t\t\t\t\t\t\t<span class=\"elementor-icon-list-text\">21 64056796<\/span>\n\t\t\t\t\t\t\t\t\t\t\t<\/a>\n\t\t\t\t\t\t\t\t\t<\/li>\n\t\t\t\t\t\t\t\t<li class=\"elementor-icon-list-item\">\n\t\t\t\t\t\t\t\t\t\t\t<a href=\"mailto:info@maxnav.com\">\n\n\t\t\t\t\t\t\t\t\t\t\t\t<span class=\"elementor-icon-list-icon\">\n\t\t\t\t\t\t\t<i aria-hidden=\"true\" class=\"fas fa-envelope\"><\/i>\t\t\t\t\t\t<\/span>\n\t\t\t\t\t\t\t\t\t\t<span class=\"elementor-icon-list-text\">info@maxnav.com<\/span>\n\t\t\t\t\t\t\t\t\t\t\t<\/a>\n\t\t\t\t\t\t\t\t\t<\/li>\n\t\t\t\t\t\t\t\t<li class=\"elementor-icon-list-item\">\n\t\t\t\t\t\t\t\t\t\t\t<span class=\"elementor-icon-list-icon\">\n\t\t\t\t\t\t\t<i aria-hidden=\"true\" class=\"fas fa-map-marker-alt\"><\/i>\t\t\t\t\t\t<\/span>\n\t\t\t\t\t\t\t\t\t\t<span class=\"elementor-icon-list-text\">3.\u00ba piso, Edificio 1, n.\u00ba 400 Fangchun Road, Zona Piloto de Libre Comercio de China (Shangh\u00e1i), 201203, Shangh\u00e1i, China<\/span>\n\t\t\t\t\t\t\t\t\t<\/li>\n\t\t\t\t\t\t<\/ul>\n\t\t\t\t\t\t<\/div>\n\t\t\t\t<\/div>\n\t\t<div class=\"elementor-element elementor-element-742f75b e-con-full e-flex e-con e-child\" data-id=\"742f75b\" data-element_type=\"container\">\n\t\t\t\t<div class=\"elementor-element elementor-element-475a9b6 elementor-widget elementor-widget-adweb-pro-google-map\" data-id=\"475a9b6\" data-element_type=\"widget\" data-widget_type=\"adweb-pro-google-map.default\">\n\t\t\t\t<div class=\"elementor-widget-container\">\n\t\t\t\t\t\t\t<style>\r\n\t\t\t#map {\r\n\t\t\t\theight: 400px; \/* The height is 400 pixels *\/\r\n\t\t\t\twidth: 100%; \/* The width is the width of the web page *\/\r\n\t\t\t}\r\n\t\t<\/style>\r\n\r\n\t\t<div id=\"map\"><\/div>\r\n\r\n\t\t<script>\r\n\t\t\tfunction loadScript(url, callback) {\r\n\t\t\t\tvar script = document.createElement(\"script\");\r\n\t\t\t\tscript.type = \"text\/javascript\";\r\n\t\t\t\tif(typeof(callback) != \"undefined\"){\r\n\t\t\t\t\tif (script.readyState) {\r\n\t\t\t\t\t\tscript.onreadystatechange = function () {\r\n\t\t\t\t\t\t\tif (script.readyState == \"loaded\" || script.readyState == \"complete\") {\r\n\t\t\t\t\t\t\t\tscript.onreadystatechange = null;\r\n\t\t\t\t\t\t\t\tcallback();\r\n\t\t\t\t\t\t\t}\r\n\t\t\t\t\t\t};\r\n\t\t\t\t\t} else {\r\n\t\t\t\t\t\tscript.onload = function () {\r\n\t\t\t\t\t\t\tcallback();\r\n\t\t\t\t\t\t};\r\n\t\t\t\t\t}\r\n\t\t\t\t}\r\n\t\t\t\tscript.src = url;\r\n\t\t\t\tdocument.body.appendChild(script);\r\n\t\t\t}\r\n\t\t\tloadScript(\"https:\/\/maps.googleapis.com\/maps\/api\/js?key=AIzaSyAvTVnnDLfxdaK2i-f0pRMJOrdwZvxUBjU&libraries=places&callback=initMap\", function () {\r\n\t\t\t\tinitMap();\r\n\t\t\t})\r\n\t\t\tfunction initMap() {\r\n\t\t\t\t\/\/ The location of Uluru\r\n\t\t\t\tconst uluru = { lat: 31.22, lng:121.64};\r\n\t\t\t\t\/\/ The map, centered at Uluru\r\n\t\t\t\tconst map = new google.maps.Map(document.getElementById(\"map\"), {\r\n\t\t\t\t\tzoom: 12,\r\n\t\t\t\t\tcenter: uluru,\r\n\t\t\t\t});\r\n\t\t\t\tconst contentString =\r\n\t\t\t\t\t'<div id=\"content\">' +\r\n\t\t\t\t\t'<div id=\"siteNotice\">' +\r\n\t\t\t\t\t\"<\/div>\" +\r\n\t\t\t\t\t'MaxNav Technology Ltd.'\r\n\t\t\t\t\t +\r\n\t\t\t\t\t\"<\/div>\" +\r\n\t\t\t\t\t\"<\/div>\";\r\n\r\n\t\t\t\tconst infowindow = new google.maps.InfoWindow({\r\n\t\t\t\t\tcontent: contentString,\r\n\t\t\t\t\tariaLabel: \"Uluru\",\r\n\t\t\t\t});\r\n\t\t\t\t\/\/ The marker, positioned at Uluru\r\n\t\t\t\tconst marker = new google.maps.Marker({\r\n\t\t\t\t\tposition: uluru,\r\n\t\t\t\t\tmap: map,\r\n\t\t\t\t});\r\n\t\t\t\tmarker.addListener(\"click\", () => {\r\n\t\t\t\t\tinfowindow.open({\r\n\t\t\t\t\t\tanchor: marker,\r\n\t\t\t\t\t\tmap,\r\n\t\t\t\t\t});\r\n\t\t\t\t});\r\n\t\t\t}\r\n\r\n\t\t<\/script>\r\n\t\t\t\t\t\t<\/div>\n\t\t\t\t<\/div>\n\t\t\t\t<\/div>\n\t\t\t\t<\/div>\n\t\t\t\t\t<\/div>\n\t\t<\/div>\n\t\t\t\t\t<\/div>\n\t\t<\/section>\n\t\t\t\t<section class=\"elementor-section elementor-top-section elementor-element elementor-element-ce5db44 elementor-section-boxed elementor-section-height-default elementor-section-height-default\" data-id=\"ce5db44\" data-element_type=\"section\" data-settings=\"{&quot;background_background&quot;:&quot;classic&quot;}\">\n\t\t\t\t\t\t<div class=\"elementor-container elementor-column-gap-default\">\n\t\t\t\t\t<div class=\"elementor-column elementor-col-100 elementor-top-column elementor-element elementor-element-9469cf4\" data-id=\"9469cf4\" data-element_type=\"column\">\n\t\t\t<div class=\"elementor-widget-wrap elementor-element-populated\">\n\t\t\t\t\t\t<section class=\"elementor-section elementor-inner-section elementor-element elementor-element-490b903 elementor-section-boxed elementor-section-height-default elementor-section-height-default\" data-id=\"490b903\" data-element_type=\"section\">\n\t\t\t\t\t\t<div class=\"elementor-container elementor-column-gap-default\">\n\t\t\t\t\t<div class=\"elementor-column elementor-col-100 elementor-inner-column elementor-element elementor-element-f037bd3\" data-id=\"f037bd3\" data-element_type=\"column\" data-settings=\"{&quot;background_background&quot;:&quot;classic&quot;}\">\n\t\t\t<div class=\"elementor-widget-wrap elementor-element-populated\">\n\t\t\t\t\t\t<div class=\"elementor-element elementor-element-ebef30a elementor-widget elementor-widget-heading\" data-id=\"ebef30a\" data-element_type=\"widget\" data-widget_type=\"heading.default\">\n\t\t\t\t\t<h2 class=\"elementor-heading-title elementor-size-default\">P\u00f3ngase en contacto con nosotros<\/h2>\t\t\t\t<\/div>\n\t\t\t\t<div class=\"elementor-element elementor-element-0618dae dform elementor-widget elementor-widget-wpforms\" data-id=\"0618dae\" data-element_type=\"widget\" data-widget_type=\"wpforms.default\">\n\t\t\t\t<div class=\"elementor-widget-container\">\n\t\t\t\t\t<div class=\"wpforms-container wpforms-container-full\" id=\"wpforms-206\"><form id=\"wpforms-form-206\" class=\"wpforms-validate wpforms-form wpforms-ajax-form\" data-formid=\"206\" method=\"post\" enctype=\"multipart\/form-data\" action=\"\/es\/wp-json\/wp\/v2\/pages\/165\" data-token=\"ae74559187f0242d1d35ed4aafe3e8b7\" data-token-time=\"1776276883\" data-trp-original-action=\"\/es\/wp-json\/wp\/v2\/pages\/165\"><noscript class=\"wpforms-error-noscript\">Por favor, habilite JavaScript en su navegador para completar este formulario.<\/noscript><div class=\"wpforms-field-container\"><div id=\"wpforms-206-field_7-container\" class=\"wpforms-field wpforms-field-layout\" data-field-id=\"7\"><div class=\"wpforms-field-layout-rows wpforms-field-large\"><div class=\"wpforms-layout-row\"><div class=\"wpforms-layout-column wpforms-layout-column-50\"><div id=\"wpforms-206-field_1-container\" class=\"wpforms-field wpforms-field-text\" data-field-id=\"1\"><label class=\"wpforms-field-label wpforms-label-hide\" for=\"wpforms-206-field_1\">Nombre <span class=\"wpforms-required-label\">*<\/span><\/label><input type=\"text\" id=\"wpforms-206-field_1\" class=\"wpforms-field-large wpforms-field-required\" name=\"wpforms[fields][1]\" placeholder=\"NOMBRE*\" required><\/div><\/div><div class=\"wpforms-layout-column wpforms-layout-column-50\"><div id=\"wpforms-206-field_8-container\" class=\"wpforms-field wpforms-field-text\" data-field-id=\"8\"><label class=\"wpforms-field-label wpforms-label-hide\" for=\"wpforms-206-field_8\">Empresa <span class=\"wpforms-required-label\">*<\/span><\/label><input type=\"text\" id=\"wpforms-206-field_8\" class=\"wpforms-field-medium wpforms-field-required\" name=\"wpforms[fields][8]\" placeholder=\"EMPRESA*\" required><\/div><\/div><\/div><div class=\"wpforms-layout-row\"><div class=\"wpforms-layout-column wpforms-layout-column-50\"><div id=\"wpforms-206-field_2-container\" class=\"wpforms-field wpforms-field-email\" data-field-id=\"2\"><label class=\"wpforms-field-label wpforms-label-hide\" for=\"wpforms-206-field_2\">Correo electr\u00f3nico <span class=\"wpforms-required-label\">*<\/span><\/label><input type=\"email\" id=\"wpforms-206-field_2\" class=\"wpforms-field-large wpforms-field-required\" name=\"wpforms[fields][2]\" placeholder=\"CORREO ELECTR\u00d3NICO*\" spellcheck=\"false\" required><\/div><\/div><div class=\"wpforms-layout-column wpforms-layout-column-50\"><div id=\"wpforms-206-field_3-container\" class=\"wpforms-field wpforms-field-phone\" data-field-id=\"3\"><label class=\"wpforms-field-label wpforms-label-hide\" for=\"wpforms-206-field_3\">Tel\u00e9fono <span class=\"wpforms-required-label\">*<\/span><\/label><input type=\"tel\" id=\"wpforms-206-field_3\" class=\"wpforms-field-large wpforms-field-required\" data-rule-int-phone-field=\"true\" name=\"wpforms[fields][3]\" placeholder=\"TEL\u00c9FONO*\" aria-label=\"Tel\u00e9fono\" required><\/div><\/div><\/div><\/div><\/div><div id=\"wpforms-206-field_9-container\" class=\"wpforms-field wpforms-field-text\" data-field-id=\"9\"><label class=\"wpforms-field-label wpforms-label-hide\" for=\"wpforms-206-field_9\">Pa\u00eds <span class=\"wpforms-required-label\">*<\/span><\/label><input type=\"text\" id=\"wpforms-206-field_9\" class=\"wpforms-field-large wpforms-field-required\" name=\"wpforms[fields][9]\" placeholder=\"PA\u00cdS\/REGI\u00d3N*\" required><\/div><div id=\"wpforms-206-field_4-container\" class=\"wpforms-field wpforms-field-textarea\" data-field-id=\"4\"><label class=\"wpforms-field-label wpforms-label-hide\" for=\"wpforms-206-field_4\">Mensaje <span class=\"wpforms-required-label\">*<\/span><\/label><textarea id=\"wpforms-206-field_4\" class=\"wpforms-field-large wpforms-field-required\" name=\"wpforms[fields][4]\" placeholder=\"MENSAJE AQU\u00cd...*\" required><\/textarea><\/div><div id=\"wpforms-206-field_6-container\" class=\"wpforms-field wpforms-field-hidden\" data-field-id=\"6\"><input type=\"hidden\" id=\"wpforms-206-field_6\" name=\"wpforms[fields][6]\" value=\"https:\/\/www.maxnav.com\/es\/wp-json\/wp\/v2\/pages\/165\"><\/div><div id=\"wpforms-206-field_5-container\" class=\"wpforms-field wpforms-field-hidden\" data-field-id=\"5\"><input type=\"hidden\" id=\"wpforms-206-field_5\" name=\"wpforms[fields][5]\" value=\"216.73.216.22\"><\/div>\r\n<div class=\"display-wsc-products\">\r\n\r\n\r\n\t<table style=\"width: 100%\">\r\n\t\t<tbody>\r\n\r\n\t\t\r\n\t\t<\/tbody>\r\n\t<\/table>\r\n\r\n<\/div>\r\n\t\t\t<!--\t\t\t<div class=\"adweb-custom-fields-wrapper\">-->\r\n\t\t\t<!--\t\t\t\t<div id=\"wpforms---><!---field_selected_products-container\" class=\"wpforms-field wpforms-field-select wpforms-field-select-style-modern\" data-field-id=\"12\">-->\r\n\t\t\t<!--\t\t\t\t\t<label class=\"wpforms-field-label\" for=\"wpforms-206-field_12\">\u611f\u5174\u8da3\u4ea7\u54c1<\/label>-->\r\n\t\t\t<!--\t\t\t\t\t<select id=\"wpforms-206-field_12\" class=\"wpforms-field-large choicesjs-select\" data-size-class=\"wpforms-field-row wpforms-field-large\" data-search-enabled=\"1\" name=\"wpforms[fields][12]\">-->\r\n\t\t\t<!--\t\t\t\t\t\t-->\t\t\t<!--\t\t\t\t\t\t\t<option value=\"--><!--\">--><!--<\/option>-->\r\n\t\t\t<!--\t\t\t\t\t\t-->\t\t\t<!--\t\t\t\t\t<\/select>-->\r\n\t\t\t<!--\t\t\t\t<\/div>-->\r\n\t\t\t<!---->\r\n\t\t\t<!--\t\t\t\t<div id=\"wpforms---><!---field_selected_product_number-container\" class=\"wpforms-field wpforms-field-number\" data-field-id=\"13\">-->\r\n\t\t\t<!--\t\t\t\t\t<label class=\"wpforms-field-label\" for=\"wpforms-206-field_13\">\u6570\u91cf<\/label>-->\r\n\t\t\t<!--\t\t\t\t\t<input type=\"number\" id=\"wpforms-206-field_13\" class=\"wpforms-field-large\" name=\"wpforms[fields][13]\" value=\"1\">-->\r\n\t\t\t<!--\t\t\t\t<\/div>-->\r\n\t\t\t<!---->\r\n\t\t\t<!--\t\t\t\t<div id=\"wpforms---><!---field_selected_product_number-container\" class=\"wpforms-field wpforms-field-button\" data-field-id=\"13\">-->\r\n\t\t\t<!--\t\t\t\t\t<label class=\"wpforms-field-label\" for=\"wpforms-206-field_13\">\u6dfb\u52a0<\/label>-->\r\n\t\t\t<!--\t\t\t\t\t<button type=\"submit\" name=\"add-to-cart\" value=\"439\" class=\"webform_single_add_to_cart_button button alt wp-element-button\" style=\"display: inline-block\">Add-->\r\n\t\t\t<!--\t\t\t\t\t<\/button>-->\r\n\t\t\t<!--\t\t\t\t<\/div>-->\r\n\t\t\t<!---->\r\n\t\t\t<!--\t\t\t<\/div>-->\r\n\r\n\t\t\t<\/div><!-- .wpforms-field-container --><div class=\"wpforms-recaptcha-container wpforms-is-turnstile\" ><div class=\"g-recaptcha\" data-sitekey=\"0x4AAAAAACJfljlpvs1vXeS4\" data-action=\"FormID-206\"><\/div><input type=\"text\" name=\"g-recaptcha-hidden\" class=\"wpforms-recaptcha-hidden\" style=\"position:absolute!important;clip:rect(0,0,0,0)!important;height:1px!important;width:1px!important;border:0!important;overflow:hidden!important;padding:0!important;margin:0!important;\" data-rule-turnstile=\"1\"><\/div><div class=\"wpforms-submit-container\" ><input type=\"hidden\" name=\"wpforms[id]\" value=\"206\"><input type=\"hidden\" name=\"page_title\" value=\"\"><input type=\"hidden\" name=\"page_url\" value=\"https:\/\/www.maxnav.com\/es\/wp-json\/wp\/v2\/pages\/165\"><input type=\"hidden\" name=\"url_referer\" value=\"\"><button type=\"submit\" name=\"wpforms[submit]\" id=\"wpforms-submit-206\" class=\"wpforms-submit\" data-alt-text=\"Sending...\" data-submit-text=\"Send\" aria-live=\"assertive\" value=\"wpforms-submit\">Enviar<\/button><img loading=\"lazy\" decoding=\"async\" src=\"https:\/\/www.maxnav.com\/wp-content\/plugins\/wpforms\/assets\/images\/submit-spin.svg\" class=\"wpforms-submit-spinner\" style=\"display: none;\" width=\"26\" height=\"26\" alt=\"Loading\"><\/div><input type=\"hidden\" name=\"trp-form-language\" value=\"es\"\/><\/form><\/div>  <!-- .wpforms-container -->\t\t\t\t<\/div>\n\t\t\t\t<\/div>\n\t\t\t\t\t<\/div>\n\t\t<\/div>\n\t\t\t\t\t<\/div>\n\t\t<\/section>\n\t\t\t\t\t<\/div>\n\t\t<\/div>\n\t\t\t\t\t<\/div>\n\t\t<\/section>\n\t\t\t\t<\/div>","protected":false},"excerpt":{"rendered":"<p>P\u00f3ngase en contacto con nosotros. Cont\u00e1ctenos. info@maxnav.com P\u00f3ngase en contacto con nosotros. Por favor, active JavaScript en su navegador para completar este formulario. Nombre *Empresa *Correo electr\u00f3nico *Tel\u00e9fono *Pa\u00eds *Mensaje * Enviar<\/p>","protected":false},"author":1,"featured_media":0,"parent":0,"menu_order":0,"comment_status":"closed","ping_status":"closed","template":"","meta":{"_acf_changed":false,"footnotes":""},"class_list":["post-165","page","type-page","status-publish","hentry"],"acf":[],"_links":{"self":[{"href":"https:\/\/www.maxnav.com\/es\/wp-json\/wp\/v2\/pages\/165","targetHints":{"allow":["GET"]}}],"collection":[{"href":"https:\/\/www.maxnav.com\/es\/wp-json\/wp\/v2\/pages"}],"about":[{"href":"https:\/\/www.maxnav.com\/es\/wp-json\/wp\/v2\/types\/page"}],"author":[{"embeddable":true,"href":"https:\/\/www.maxnav.com\/es\/wp-json\/wp\/v2\/users\/1"}],"replies":[{"embeddable":true,"href":"https:\/\/www.maxnav.com\/es\/wp-json\/wp\/v2\/comments?post=165"}],"version-history":[{"count":0,"href":"https:\/\/www.maxnav.com\/es\/wp-json\/wp\/v2\/pages\/165\/revisions"}],"wp:attachment":[{"href":"https:\/\/www.maxnav.com\/es\/wp-json\/wp\/v2\/media?parent=165"}],"curies":[{"name":"wp","href":"https:\/\/api.w.org\/{rel}","templated":true}]}}